{"id":252,"date":"2023-02-16T13:39:15","date_gmt":"2023-02-16T16:39:15","guid":{"rendered":"https:\/\/casahermannmuller.com.br\/?page_id=252"},"modified":"2023-02-24T09:42:59","modified_gmt":"2023-02-24T12:42:59","slug":"felipe-kaio","status":"publish","type":"page","link":"https:\/\/casahermannmuller.com.br\/index.php\/felipe-kaio\/","title":{"rendered":"Felipe Kaio"},"content":{"rendered":"<div class=\"wp-block-image\">\n<figure class=\"alignleft size-full is-resized\"><img loading=\"lazy\" decoding=\"async\" src=\"https:\/\/casahermannmuller.com.br\/wp-content\/uploads\/2023\/02\/felipe_01.jpg\" alt=\"\" class=\"wp-image-371\" width=\"365\" height=\"402\" srcset=\"https:\/\/casahermannmuller.com.br\/wp-content\/uploads\/2023\/02\/felipe_01.jpg 850w, https:\/\/casahermannmuller.com.br\/wp-content\/uploads\/2023\/02\/felipe_01-272x300.jpg 272w, https:\/\/casahermannmuller.com.br\/wp-content\/uploads\/2023\/02\/felipe_01-768x848.jpg 768w\" sizes=\"auto, (max-width: 365px) 100vw, 365px\" \/><figcaption class=\"wp-element-caption\">Arquiteto Felipe Kaio<\/figcaption><\/figure>\n<\/div>\n\n\n<p>Arquiteto e Urbanista de 28 anos, paulistano que passou grande parte da vida no interior do estado, formado em 2022 e amante das cidades e seus processos, carreguei ao longo de minha gradua\u00e7\u00e3o a consci\u00eancia da import\u00e2ncia do arquiteto e urbanista na constru\u00e7\u00e3o da cidade e seus componentes, sob uma perspectiva justa, inclusiva e sustent\u00e1vel.<\/p>\n\n\n\n<p>N\u00e3o \u00e0 toa, atuei durante toda a gradua\u00e7\u00e3o no Laborat\u00f3rio de Projetos da Universidade Federal de Goi\u00e1s (LabProj-UFG), no qual de forma participativa com a comunidade do munic\u00edpio, desenvolvemos projetos de melhoria habitacional. Atualmente participo como arquiteto e urbanista estagi\u00e1rio do projeto de restauro da Casa de Cultura Hermann M\u00fcller em Americana-SP, desde maio de 2022.<\/p>\n","protected":false},"excerpt":{"rendered":"<p>Arquiteto e Urbanista de 28 anos, paulistano que passou grande parte da vida no interior do estado, formado em 2022 e amante das cidades e seus processos, carreguei ao longo de minha gradua\u00e7\u00e3o a consci\u00eancia da import\u00e2ncia do arquiteto e urbanista na constru\u00e7\u00e3o da cidade e seus componentes, sob uma perspectiva justa, inclusiva e sustent\u00e1vel. &hellip; <\/p>\n<p class=\"link-more\"><a href=\"https:\/\/casahermannmuller.com.br\/index.php\/felipe-kaio\/\" class=\"more-link\">Leia mais<span class=\"screen-reader-text\"> &#8220;Felipe Kaio&#8221;<\/span><\/a><\/p>\n","protected":false},"author":1,"featured_media":0,"parent":0,"menu_order":0,"comment_status":"closed","ping_status":"closed","template":"","meta":{"footnotes":""},"class_list":["post-252","page","type-page","status-publish","hentry"],"_links":{"self":[{"href":"https:\/\/casahermannmuller.com.br\/index.php\/wp-json\/wp\/v2\/pages\/252","targetHints":{"allow":["GET"]}}],"collection":[{"href":"https:\/\/casahermannmuller.com.br\/index.php\/wp-json\/wp\/v2\/pages"}],"about":[{"href":"https:\/\/casahermannmuller.com.br\/index.php\/wp-json\/wp\/v2\/types\/page"}],"author":[{"embeddable":true,"href":"https:\/\/casahermannmuller.com.br\/index.php\/wp-json\/wp\/v2\/users\/1"}],"replies":[{"embeddable":true,"href":"https:\/\/casahermannmuller.com.br\/index.php\/wp-json\/wp\/v2\/comments?post=252"}],"version-history":[{"count":2,"href":"https:\/\/casahermannmuller.com.br\/index.php\/wp-json\/wp\/v2\/pages\/252\/revisions"}],"predecessor-version":[{"id":373,"href":"https:\/\/casahermannmuller.com.br\/index.php\/wp-json\/wp\/v2\/pages\/252\/revisions\/373"}],"wp:attachment":[{"href":"https:\/\/casahermannmuller.com.br\/index.php\/wp-json\/wp\/v2\/media?parent=252"}],"curies":[{"name":"wp","href":"https:\/\/api.w.org\/{rel}","templated":true}]}}