{"id":254,"date":"2023-02-16T13:39:32","date_gmt":"2023-02-16T16:39:32","guid":{"rendered":"https:\/\/casahermannmuller.com.br\/?page_id=254"},"modified":"2023-02-24T09:39:02","modified_gmt":"2023-02-24T12:39:02","slug":"camila-leite","status":"publish","type":"page","link":"https:\/\/casahermannmuller.com.br\/index.php\/camila-leite\/","title":{"rendered":"Camila Leite"},"content":{"rendered":"<div class=\"wp-block-image\">\n<figure class=\"alignleft size-large is-resized\"><img loading=\"lazy\" decoding=\"async\" src=\"https:\/\/casahermannmuller.com.br\/wp-content\/uploads\/2023\/02\/camila_03-678x1024.jpg\" alt=\"\" class=\"wp-image-368\" width=\"331\" height=\"501\" srcset=\"https:\/\/casahermannmuller.com.br\/wp-content\/uploads\/2023\/02\/camila_03-678x1024.jpg 678w, https:\/\/casahermannmuller.com.br\/wp-content\/uploads\/2023\/02\/camila_03-199x300.jpg 199w, https:\/\/casahermannmuller.com.br\/wp-content\/uploads\/2023\/02\/camila_03-768x1159.jpg 768w, https:\/\/casahermannmuller.com.br\/wp-content\/uploads\/2023\/02\/camila_03.jpg 850w\" sizes=\"auto, (max-width: 331px) 100vw, 331px\" \/><figcaption class=\"wp-element-caption\"><em>Arquiteta Camila Leite<\/em><\/figcaption><\/figure>\n<\/div>\n\n\n<p>Formada em design de interiores pela ETEC Polivalente de Americana em 2021, cursando Arquitetura e Urbanismo e estagiando na Casa de Cultura Hermann Muller desde mar\u00e7o de 2022.<\/p>\n\n\n\n<p>Respons\u00e1vel, juntamente com a equipe de arquitetos e engenheiros, pela elabora\u00e7\u00e3o de projetos nos softwares AutoCAD e SketchUp, bem como o levantamento cadastral.<\/p>\n","protected":false},"excerpt":{"rendered":"<p>Formada em design de interiores pela ETEC Polivalente de Americana em 2021, cursando Arquitetura e Urbanismo e estagiando na Casa de Cultura Hermann Muller desde mar\u00e7o de 2022. Respons\u00e1vel, juntamente com a equipe de arquitetos e engenheiros, pela elabora\u00e7\u00e3o de projetos nos softwares AutoCAD e SketchUp, bem como o levantamento cadastral.<\/p>\n","protected":false},"author":1,"featured_media":0,"parent":0,"menu_order":0,"comment_status":"closed","ping_status":"closed","template":"","meta":{"footnotes":""},"class_list":["post-254","page","type-page","status-publish","hentry"],"_links":{"self":[{"href":"https:\/\/casahermannmuller.com.br\/index.php\/wp-json\/wp\/v2\/pages\/254","targetHints":{"allow":["GET"]}}],"collection":[{"href":"https:\/\/casahermannmuller.com.br\/index.php\/wp-json\/wp\/v2\/pages"}],"about":[{"href":"https:\/\/casahermannmuller.com.br\/index.php\/wp-json\/wp\/v2\/types\/page"}],"author":[{"embeddable":true,"href":"https:\/\/casahermannmuller.com.br\/index.php\/wp-json\/wp\/v2\/users\/1"}],"replies":[{"embeddable":true,"href":"https:\/\/casahermannmuller.com.br\/index.php\/wp-json\/wp\/v2\/comments?post=254"}],"version-history":[{"count":2,"href":"https:\/\/casahermannmuller.com.br\/index.php\/wp-json\/wp\/v2\/pages\/254\/revisions"}],"predecessor-version":[{"id":370,"href":"https:\/\/casahermannmuller.com.br\/index.php\/wp-json\/wp\/v2\/pages\/254\/revisions\/370"}],"wp:attachment":[{"href":"https:\/\/casahermannmuller.com.br\/index.php\/wp-json\/wp\/v2\/media?parent=254"}],"curies":[{"name":"wp","href":"https:\/\/api.w.org\/{rel}","templated":true}]}}