{"id":259,"date":"2023-02-16T18:52:36","date_gmt":"2023-02-16T21:52:36","guid":{"rendered":"https:\/\/casahermannmuller.com.br\/?page_id=259"},"modified":"2023-02-20T15:39:37","modified_gmt":"2023-02-20T18:39:37","slug":"patrocinar-projetos-culturais","status":"publish","type":"page","link":"https:\/\/casahermannmuller.com.br\/index.php\/patrocinar-projetos-culturais\/","title":{"rendered":"Patrocinar projetos culturais"},"content":{"rendered":"<div class=\"wp-block-image\">\n<figure class=\"alignleft size-full is-resized\"><img loading=\"lazy\" decoding=\"async\" src=\"https:\/\/casahermannmuller.com.br\/wp-content\/uploads\/2023\/02\/porta_.jpg\" alt=\"\" class=\"wp-image-304\" width=\"444\" height=\"670\" srcset=\"https:\/\/casahermannmuller.com.br\/wp-content\/uploads\/2023\/02\/porta_.jpg 600w, https:\/\/casahermannmuller.com.br\/wp-content\/uploads\/2023\/02\/porta_-199x300.jpg 199w\" sizes=\"auto, (max-width: 444px) 100vw, 444px\" \/><figcaption class=\"wp-element-caption\"><em>Uma das portas internas da Casa Hermann M\u00fcller<\/em><\/figcaption><\/figure>\n<\/div>\n\n\n<p><strong><em>Por que financiar projetos culturais?<\/em><\/strong><\/p>\n\n\n\n<p>O ProAC ICMS \u00e9 a modalidade do programa de fomento paulista que funciona por meio de patroc\u00ednios incentivados e ren\u00fancia fiscal. Para as empresas, al\u00e9m de garantir a difus\u00e3o de a\u00e7\u00f5es e projetos culturais e a preserva\u00e7\u00e3o do patrim\u00f4nio hist\u00f3rico de munic\u00edpios do Estado, o patroc\u00ednio a projetos desse tipo \u00e9 um tipo de a\u00e7\u00e3o de responsabilidade social que pode garantir marketing e publicidade positiva gratuita.<\/p>\n\n\n\n<p>Isso porque o ProAC \u00e9 um programa s\u00e9rio que, ao longo dos anos, ganhou notoriedade. Para ter acesso aos recursos dispon\u00edveis, os artistas, grupos ou produtores devem submeter seus projetos \u00e0 an\u00e1lise de uma comiss\u00e3o especializada, que avalia requisitos como relev\u00e2ncia art\u00edstica e adequa\u00e7\u00e3o da proposta or\u00e7ament\u00e1ria.<\/p>\n\n\n\n<p>Com o projeto aprovado, o proponente pode solicitar patroc\u00ednio a empresas sediadas em S\u00e3o Paulo. Estas, por sua vez, recebem descontos no imposto devido, como forma de est\u00edmulo ao patroc\u00ednio.<\/p>\n\n\n\n<p>Qualquer empresa pode ser patrocinadora via ProAC ICMS, bastando ser contribuinte deste imposto e estar em dia com suas obriga\u00e7\u00f5es fiscais.<\/p>\n\n\n\n<p>Pelo ProAC, parte do ICMS que seria recolhido aos cofres p\u00fablicos do Estado \u00e9 direcionado aos projetos culturais selecionados e aprovados pela Secretaria de Estado da Cultura.<\/p>\n\n\n\n<p>As empresas podem destinar at\u00e9 3% do valor do ICMS devido aos projetos patrocinados. Para o vice-prefeito de Americana, Odir Demarchi, essa parceria da iniciativa privada com o poder p\u00fablico, por meio das leis de incentivo, garante o sucesso das a\u00e7\u00f5es e projetos. \u201cO retorno dessa parceria \u00e9 muito positivo para ambas as partes e ainda com o ganho certo que influencia diretamente no dia a dia, no bem-estar, na qualidade de vida e no desenvolvimento pessoal e econ\u00f4mico da popula\u00e7\u00e3o\u201d, afirmou.<\/p>\n\n\n\n<p>O prefeito de Americana, Chico Sardelli, tamb\u00e9m destacou a import\u00e2ncia da participa\u00e7\u00e3o dos empres\u00e1rios. \u201cAs empresas que hoje contribuem com o desenvolvimento de Americana podem tamb\u00e9m fazer a diferen\u00e7a colaborando com o restauro de espa\u00e7os importantes como a Casa Hermann, que \u00e9 o ber\u00e7o da industrializa\u00e7\u00e3o que at\u00e9 hoje \u00e9 uma forte caracter\u00edstica de Americana. Por isso, deixo tamb\u00e9m uma mensagem de gratid\u00e3o a todas as empresas que j\u00e1 colaboraram ou que ir\u00e3o colaborar. A hist\u00f3ria de Americana agradece!\u2019, disse.<\/p>\n","protected":false},"excerpt":{"rendered":"<p>Por que financiar projetos culturais? O ProAC ICMS \u00e9 a modalidade do programa de fomento paulista que funciona por meio de patroc\u00ednios incentivados e ren\u00fancia fiscal. Para as empresas, al\u00e9m de garantir a difus\u00e3o de a\u00e7\u00f5es e projetos culturais e a preserva\u00e7\u00e3o do patrim\u00f4nio hist\u00f3rico de munic\u00edpios do Estado, o patroc\u00ednio a projetos desse tipo &hellip; <\/p>\n<p class=\"link-more\"><a href=\"https:\/\/casahermannmuller.com.br\/index.php\/patrocinar-projetos-culturais\/\" class=\"more-link\">Leia mais<span class=\"screen-reader-text\"> &#8220;Patrocinar projetos culturais&#8221;<\/span><\/a><\/p>\n","protected":false},"author":1,"featured_media":0,"parent":0,"menu_order":0,"comment_status":"closed","ping_status":"closed","template":"","meta":{"footnotes":""},"class_list":["post-259","page","type-page","status-publish","hentry"],"_links":{"self":[{"href":"https:\/\/casahermannmuller.com.br\/index.php\/wp-json\/wp\/v2\/pages\/259","targetHints":{"allow":["GET"]}}],"collection":[{"href":"https:\/\/casahermannmuller.com.br\/index.php\/wp-json\/wp\/v2\/pages"}],"about":[{"href":"https:\/\/casahermannmuller.com.br\/index.php\/wp-json\/wp\/v2\/types\/page"}],"author":[{"embeddable":true,"href":"https:\/\/casahermannmuller.com.br\/index.php\/wp-json\/wp\/v2\/users\/1"}],"replies":[{"embeddable":true,"href":"https:\/\/casahermannmuller.com.br\/index.php\/wp-json\/wp\/v2\/comments?post=259"}],"version-history":[{"count":2,"href":"https:\/\/casahermannmuller.com.br\/index.php\/wp-json\/wp\/v2\/pages\/259\/revisions"}],"predecessor-version":[{"id":306,"href":"https:\/\/casahermannmuller.com.br\/index.php\/wp-json\/wp\/v2\/pages\/259\/revisions\/306"}],"wp:attachment":[{"href":"https:\/\/casahermannmuller.com.br\/index.php\/wp-json\/wp\/v2\/media?parent=259"}],"curies":[{"name":"wp","href":"https:\/\/api.w.org\/{rel}","templated":true}]}}