{"id":263,"date":"2023-02-16T18:54:11","date_gmt":"2023-02-16T21:54:11","guid":{"rendered":"https:\/\/casahermannmuller.com.br\/?page_id=263"},"modified":"2023-02-20T17:27:26","modified_gmt":"2023-02-20T20:27:26","slug":"linha-do-tempo","status":"publish","type":"page","link":"https:\/\/casahermannmuller.com.br\/index.php\/linha-do-tempo\/","title":{"rendered":"Linha do Tempo"},"content":{"rendered":"\n<p><strong>1909 <\/strong>| Surge a Casa Hermann<\/p>\n\n\n\n<p><strong>1920 <\/strong>| Aumenta a fam\u00edlia<\/p>\n\n\n\n<p><strong>1939 <\/strong>| \u00daltima grande reforma<\/p>\n\n\n\n<p><strong>1945 <\/strong>| Per\u00edodo J.J. Abdalla<\/p>\n\n\n\n<p><strong>1980 <\/strong>| Im\u00f3vel foi desapropriado pela Prefeitura Municipal<\/p>\n\n\n\n<p><strong>1990 <\/strong>| Ampla reforma pela Prefeitura<\/p>\n\n\n\n<p><strong>1999 <\/strong>| Criada a Casa de Cultura Hermann M\u00fcller<\/p>\n\n\n\n<p><strong>2001 <\/strong>| Inaugurada oficialmente a Casa de Cultura Hermann M\u00fcller<\/p>\n\n\n\n<p><strong>2013 <\/strong>| Tombada pelo CONDEPHAT<\/p>\n\n\n\n<p><strong>2020 <\/strong>| Tombada pelo CONDEPHAM<\/p>\n\n\n\n<p><strong>2022 <\/strong>| In\u00edcio do novo projeto de restauro<\/p>\n\n\n\n<figure class=\"wp-block-image alignwide size-large\"><img loading=\"lazy\" decoding=\"async\" width=\"1300\" height=\"731\" src=\"https:\/\/casahermannmuller.com.br\/wp-content\/uploads\/2023\/02\/meio_-edited.jpg\" alt=\"\" class=\"wp-image-333\" srcset=\"https:\/\/casahermannmuller.com.br\/wp-content\/uploads\/2023\/02\/meio_-edited.jpg 1300w, https:\/\/casahermannmuller.com.br\/wp-content\/uploads\/2023\/02\/meio_-edited-300x169.jpg 300w, https:\/\/casahermannmuller.com.br\/wp-content\/uploads\/2023\/02\/meio_-edited-1024x576.jpg 1024w, https:\/\/casahermannmuller.com.br\/wp-content\/uploads\/2023\/02\/meio_-edited-768x432.jpg 768w\" sizes=\"auto, (max-width: 1300px) 100vw, 1300px\" \/><\/figure>\n","protected":false},"excerpt":{"rendered":"<p>1909 | Surge a Casa Hermann 1920 | Aumenta a fam\u00edlia 1939 | \u00daltima grande reforma 1945 | Per\u00edodo J.J. Abdalla 1980 | Im\u00f3vel foi desapropriado pela Prefeitura Municipal 1990 | Ampla reforma pela Prefeitura 1999 | Criada a Casa de Cultura Hermann M\u00fcller 2001 | Inaugurada oficialmente a Casa de Cultura Hermann M\u00fcller 2013 &hellip; <\/p>\n<p class=\"link-more\"><a href=\"https:\/\/casahermannmuller.com.br\/index.php\/linha-do-tempo\/\" class=\"more-link\">Leia mais<span class=\"screen-reader-text\"> &#8220;Linha do Tempo&#8221;<\/span><\/a><\/p>\n","protected":false},"author":1,"featured_media":0,"parent":0,"menu_order":0,"comment_status":"closed","ping_status":"closed","template":"","meta":{"footnotes":""},"class_list":["post-263","page","type-page","status-publish","hentry"],"_links":{"self":[{"href":"https:\/\/casahermannmuller.com.br\/index.php\/wp-json\/wp\/v2\/pages\/263","targetHints":{"allow":["GET"]}}],"collection":[{"href":"https:\/\/casahermannmuller.com.br\/index.php\/wp-json\/wp\/v2\/pages"}],"about":[{"href":"https:\/\/casahermannmuller.com.br\/index.php\/wp-json\/wp\/v2\/types\/page"}],"author":[{"embeddable":true,"href":"https:\/\/casahermannmuller.com.br\/index.php\/wp-json\/wp\/v2\/users\/1"}],"replies":[{"embeddable":true,"href":"https:\/\/casahermannmuller.com.br\/index.php\/wp-json\/wp\/v2\/comments?post=263"}],"version-history":[{"count":4,"href":"https:\/\/casahermannmuller.com.br\/index.php\/wp-json\/wp\/v2\/pages\/263\/revisions"}],"predecessor-version":[{"id":335,"href":"https:\/\/casahermannmuller.com.br\/index.php\/wp-json\/wp\/v2\/pages\/263\/revisions\/335"}],"wp:attachment":[{"href":"https:\/\/casahermannmuller.com.br\/index.php\/wp-json\/wp\/v2\/media?parent=263"}],"curies":[{"name":"wp","href":"https:\/\/api.w.org\/{rel}","templated":true}]}}