{"id":269,"date":"2023-02-16T18:55:42","date_gmt":"2023-02-16T21:55:42","guid":{"rendered":"https:\/\/casahermannmuller.com.br\/?page_id=269"},"modified":"2023-02-20T16:27:22","modified_gmt":"2023-02-20T19:27:22","slug":"projeto-para-a-piscina","status":"publish","type":"page","link":"https:\/\/casahermannmuller.com.br\/index.php\/projeto-para-a-piscina\/","title":{"rendered":"Projeto para a Piscina"},"content":{"rendered":"<div class=\"wp-block-image\">\n<figure class=\"alignleft size-large is-resized\"><img loading=\"lazy\" decoding=\"async\" src=\"https:\/\/casahermannmuller.com.br\/wp-content\/uploads\/2023\/02\/Secretaria-de-Cultura-e-Turismo-Marcia-Gonzaga-Faria-768x1024.jpg\" alt=\"\" class=\"wp-image-320\" width=\"413\" height=\"551\" srcset=\"https:\/\/casahermannmuller.com.br\/wp-content\/uploads\/2023\/02\/Secretaria-de-Cultura-e-Turismo-Marcia-Gonzaga-Faria-768x1024.jpg 768w, https:\/\/casahermannmuller.com.br\/wp-content\/uploads\/2023\/02\/Secretaria-de-Cultura-e-Turismo-Marcia-Gonzaga-Faria-225x300.jpg 225w, https:\/\/casahermannmuller.com.br\/wp-content\/uploads\/2023\/02\/Secretaria-de-Cultura-e-Turismo-Marcia-Gonzaga-Faria.jpg 850w\" sizes=\"auto, (max-width: 413px) 100vw, 413px\" \/><figcaption class=\"wp-element-caption\"><em>A Secret\u00e1ria M\u00e1rcia Gonzaga Faria<\/em><\/figcaption><\/figure>\n<\/div>\n\n\n<p>A secret\u00e1ria de Cultura e Turismo, Marcia Gonzaga Faria, acompanha de perto a elabora\u00e7\u00e3o do projeto de reforma e restauro da Casa Hermann Muller, desenvolvido pela EOS Engenharia, por meio do Proac (Programa de Incentivo \u00e0 Cultura) do Governo do Estado de S\u00e3o Paulo.<\/p>\n\n\n\n<p>\u201cO que mais me chamou a aten\u00e7\u00e3o foi a manobra est\u00e9tica e funcional realizada na piscina. Por ser um pr\u00e9dio tombado n\u00e3o se poderia aterr\u00e1-la e sua utiliza\u00e7\u00e3o enquanto piscina seria invi\u00e1vel por quest\u00f5es de seguran\u00e7a dos usu\u00e1rios do espa\u00e7o. Assim, o projeto incluiu a constru\u00e7\u00e3o de uma reserva t\u00e9cnica de combate a inc\u00eandio, com um espelho d\u2019\u00e1gua na superf\u00edcie, harmonizando com o entorno\u201d, contou.<\/p>\n\n\n\n<p>M\u00e1rcia, que \u00e9 servidora efetiva da Secretaria de Cultura e Turismo de Americana, entende que os projetos desenvolvidos com apoio de empres\u00e1rios, por meio de leis de incentivo, s\u00e3o importantes para a promo\u00e7\u00e3o da cultura e preserva\u00e7\u00e3o do patrim\u00f4nio hist\u00f3rico dos munic\u00edpios. \u201cN\u00e3o apenas importantes, mas essenciais, pois a preserva\u00e7\u00e3o dos patrim\u00f4nios demanda recursos que os munic\u00edpios nem sempre disp\u00f5em. A falta de recursos pr\u00f3prios afeta a promo\u00e7\u00e3o da cultura nesses espa\u00e7os\u201d, explicou.<br>M\u00e1rcia destacou que Americana tem um Conselho de Defesa do Patrim\u00f4nio Hist\u00f3rico e Cultural bastante atuante e que essa atua\u00e7\u00e3o colabora demais para a preserva\u00e7\u00e3o do patrim\u00f4nio do munic\u00edpio.<\/p>\n\n\n\n<p>Para a secret\u00e1ria, o maior desafio para os munic\u00edpios em rela\u00e7\u00e3o \u00e0 defesa e preserva\u00e7\u00e3o do patrim\u00f4nio e acervo hist\u00f3rico est\u00e1 em \u201cmanter a continuidade dos trabalhos na altern\u00e2ncia de administra\u00e7\u00e3o p\u00fablica\u201d.<\/p>\n\n\n\n<p>Quem se envolve em um projeto de reforma cria planos e sonhos. M\u00e1rcia tamb\u00e9m tem um projeto, uma idealiza\u00e7\u00e3o do que ela gostaria que fosse a realidade da Casa Hermann nos pr\u00f3ximos dez anos. \u201cImagino a Casa Hermann M\u00fcller em perfeito estado de conserva\u00e7\u00e3o, sendo utilizada como espa\u00e7o de conv\u00edvio, de realiza\u00e7\u00e3o de eventos culturais de diversas linguagens e express\u00f5es, com potencial tur\u00edstico. Se dependesse somente de mim, iria implementar um projeto de utiliza\u00e7\u00e3o autossustent\u00e1vel, com parceria p\u00fablico-privada e pre\u00e7os p\u00fablicos\u201d, afirmou.<\/p>\n","protected":false},"excerpt":{"rendered":"<p>A secret\u00e1ria de Cultura e Turismo, Marcia Gonzaga Faria, acompanha de perto a elabora\u00e7\u00e3o do projeto de reforma e restauro da Casa Hermann Muller, desenvolvido pela EOS Engenharia, por meio do Proac (Programa de Incentivo \u00e0 Cultura) do Governo do Estado de S\u00e3o Paulo. \u201cO que mais me chamou a aten\u00e7\u00e3o foi a manobra est\u00e9tica &hellip; <\/p>\n<p class=\"link-more\"><a href=\"https:\/\/casahermannmuller.com.br\/index.php\/projeto-para-a-piscina\/\" class=\"more-link\">Leia mais<span class=\"screen-reader-text\"> &#8220;Projeto para a Piscina&#8221;<\/span><\/a><\/p>\n","protected":false},"author":1,"featured_media":0,"parent":0,"menu_order":0,"comment_status":"closed","ping_status":"closed","template":"","meta":{"footnotes":""},"class_list":["post-269","page","type-page","status-publish","hentry"],"_links":{"self":[{"href":"https:\/\/casahermannmuller.com.br\/index.php\/wp-json\/wp\/v2\/pages\/269","targetHints":{"allow":["GET"]}}],"collection":[{"href":"https:\/\/casahermannmuller.com.br\/index.php\/wp-json\/wp\/v2\/pages"}],"about":[{"href":"https:\/\/casahermannmuller.com.br\/index.php\/wp-json\/wp\/v2\/types\/page"}],"author":[{"embeddable":true,"href":"https:\/\/casahermannmuller.com.br\/index.php\/wp-json\/wp\/v2\/users\/1"}],"replies":[{"embeddable":true,"href":"https:\/\/casahermannmuller.com.br\/index.php\/wp-json\/wp\/v2\/comments?post=269"}],"version-history":[{"count":2,"href":"https:\/\/casahermannmuller.com.br\/index.php\/wp-json\/wp\/v2\/pages\/269\/revisions"}],"predecessor-version":[{"id":322,"href":"https:\/\/casahermannmuller.com.br\/index.php\/wp-json\/wp\/v2\/pages\/269\/revisions\/322"}],"wp:attachment":[{"href":"https:\/\/casahermannmuller.com.br\/index.php\/wp-json\/wp\/v2\/media?parent=269"}],"curies":[{"name":"wp","href":"https:\/\/api.w.org\/{rel}","templated":true}]}}