{"id":271,"date":"2023-02-16T18:56:38","date_gmt":"2023-02-16T21:56:38","guid":{"rendered":"https:\/\/casahermannmuller.com.br\/?page_id=271"},"modified":"2023-02-20T16:19:08","modified_gmt":"2023-02-20T19:19:08","slug":"resgate-da-historia","status":"publish","type":"page","link":"https:\/\/casahermannmuller.com.br\/index.php\/resgate-da-historia\/","title":{"rendered":"Resgate da Hist\u00f3ria"},"content":{"rendered":"<div class=\"wp-block-image\">\n<figure class=\"alignleft size-full is-resized\"><img loading=\"lazy\" decoding=\"async\" src=\"https:\/\/casahermannmuller.com.br\/wp-content\/uploads\/2023\/02\/alberto.jpg\" alt=\"\" class=\"wp-image-315\" width=\"396\" height=\"436\" srcset=\"https:\/\/casahermannmuller.com.br\/wp-content\/uploads\/2023\/02\/alberto.jpg 850w, https:\/\/casahermannmuller.com.br\/wp-content\/uploads\/2023\/02\/alberto-272x300.jpg 272w, https:\/\/casahermannmuller.com.br\/wp-content\/uploads\/2023\/02\/alberto-768x847.jpg 768w\" sizes=\"auto, (max-width: 396px) 100vw, 396px\" \/><figcaption class=\"wp-element-caption\"><em>O arquiteto Alberto Streb<\/em><\/figcaption><\/figure>\n<\/div>\n\n\n<p>O arquiteto Alberto Streb \u00e9 uma das \u201cm\u00e3os e mentes\u201d envolvidas no projeto de restauro da Casa Hermann Muller. S\u00f3cio da OES Engenharia e Constru\u00e7\u00f5es Ltda. e formado em arquitetura pela Universidade Gama Filho, no Rio de Janeiro, Streb \u00e9 especialista em interven\u00e7\u00e3o e restauro em patrim\u00f4nio hist\u00f3rico e cultural pela Universidade Cruzeiro do Sul<br>A rela\u00e7\u00e3o do arquiteto com Americana come\u00e7ou quando foi o respons\u00e1vel pelo restauro da antiga ponte met\u00e1lica sobre o Rio Piracicaba, conhecida como ponte da Ripasa. Tamb\u00e9m foi o respons\u00e1vel t\u00e9cnico pela obra de restauro do telhado do Casar\u00e3o de Salto Grande.<\/p>\n\n\n\n<p>Durante a execu\u00e7\u00e3o dos trabalhos, Streb fez amizades e firmou seus la\u00e7os com a cidade, principalmente com pessoas ligadas \u00e0 \u00e1rea cultural. E foi com esse relacionamento bom com a Princesa Tecel\u00e3 que surgiu o interesse em restaurar a Casa Hermann, um dos mais valiosos patrim\u00f4nios da hist\u00f3ria cultural de americanense.<br>O termo de compromisso para elabora\u00e7\u00e3o do projeto de restauro foi assinado em 2019 pela OES Engenharia e Constru\u00e7\u00f5es Ltda. e pela Prefeitura de Americana.<\/p>\n\n\n\n<p>Em 2020 o projeto foi aprovado pela Secretaria de Cultura e Economia Criativa do Estado de S\u00e3o Paulo por meio do ProAc (Programa de A\u00e7\u00e3o Cultural de S\u00e3o Paulo) e ficou apto para capta\u00e7\u00e3o de recursos com empresas parceiras, que poderiam deduzir os valores de seu ICMS (Imposto sobre Circula\u00e7\u00e3o de Mercadorias e Servi\u00e7os). No entanto, em 2021, o projeto foi alterado e autorizado a receber recursos diretos do Governo do Estado, com valor menor que o inicial. \u201cIr\u00edamos receber um ter\u00e7o a menos do que hav\u00edamos or\u00e7ado, mas era a chance de colocar o projeto para andar de forma mais \u00e1gil. Renegociamos com todos os envolvidos, refizemos todos os custos e conseguimos ajustar as despesas para viabilizar o projeto\u201d, contou Streb.<br>Essa modalidade \u00e9 chamada ProAc Expresso Direto e o contrato para elabora\u00e7\u00e3o do projeto foi finalmente assinado em dezembro de 2021 com o valor total de R$ 250 mil.<\/p>\n\n\n\n<p>Com o projeto em andamento, os engenheiros e arquitetos da OES Engenharia e Constru\u00e7\u00f5es buscam agora a viabiliza\u00e7\u00e3o da primeira etapa da execu\u00e7\u00e3o do restauro. \u201cPreservar este im\u00f3vel \u00e9 manter a hist\u00f3ria viva da origem Americana. \u00c9 muito importante que todos colaborarem com a restaura\u00e7\u00e3o para fazer deste local um agrad\u00e1vel centro cultural e social para a cidade. Precisamos resgatar os valores que fizeram com que Americana se tornasse essa cidade t\u00e3o importante no Estado\u201d, afirmou.<\/p>\n\n\n\n<p>\u201cNeste importante im\u00f3vel temos o registro das t\u00e9cnicas construtivas deste o in\u00edcio do s\u00e9culo XX, a importa\u00e7\u00e3o de t\u00e9cnicas construtivas adaptadas \u00e0s t\u00e9cnicas e materiais que existiam no Brasil na \u00e9poca\u201d, explicou.<br>\u201cA melhor maneira de preservar um Patrim\u00f4nio Hist\u00f3rico Cultural \u00e9 a sua restaura\u00e7\u00e3o, manuten\u00e7\u00e3o e ocupa\u00e7\u00e3o da sociedade para integrar na cultura de Americana. Por isso, para que o im\u00f3vel fique adequado ao uso p\u00fablico, al\u00e9m de estarmos fazendo o projeto de restauro, estamos fazendo a revitaliza\u00e7\u00e3o e moderniza\u00e7\u00e3o dos banheiros, \u00e1rea da piscina e o paisagismo\u201d, completou.<\/p>\n\n\n\n<p><strong>OS DESAFIOS<\/strong><\/p>\n\n\n\n<p>Para Streb, que tem longa experi\u00eancia com restauro, os maiores desafios no projeto da Casa Hermann est\u00e3o relacionados \u00e0 falta de manuten\u00e7\u00e3o do im\u00f3vel ao longo dos anos e nas dificuldades para fazer o levantamento arquitet\u00f4nico planialtim\u00e9trico. \u201cExiste muita dificuldade no trabalho de registrar as patologias existentes no im\u00f3vel desde a sua origem, passando por todas as amplia\u00e7\u00f5es. Os processos de tombamento municipal e estadual contam com plantas sem muitos detalhes de arquitetura e n\u00f3s precisamos desse detalhamento para a execu\u00e7\u00e3o do restauro\u201d, explicou.<\/p>\n\n\n\n<p><br>Segundo arquiteto, \u00e9 preciso ter par\u00e2metros t\u00e9cnicos para realizar qualquer interven\u00e7\u00e3o e tomar as decis\u00f5es durante a elabora\u00e7\u00e3o do projeto e execu\u00e7\u00e3o do restauro. \u201cA falta de manuten\u00e7\u00e3o acelerou a deteriora\u00e7\u00e3o do im\u00f3vel, principalmente por conta das infiltra\u00e7\u00f5es de \u00e1gua de chuva\u201d, acrescentou.<\/p>\n\n\n\n<p><br>Por conta dessas infiltra\u00e7\u00f5es, o telhado tem recebido especial aten\u00e7\u00e3o da equipe que est\u00e1 elaborando o projeto de restauro. \u201cEsse telhado \u00e9 muito recortado porque a casa foi passando por amplia\u00e7\u00f5es ao longo do tempo. Ele tem 53 \u00e1guas, numa \u00e1rea de aproximadamente 950 metros quadrados. Estamos fazendo o levantamento detalhado das estruturas de madeira, tesouras, ter\u00e7as, espig\u00e3o, caibros e ripas\u201d, explicou.<br>Todas as dificuldades e os detalhes do im\u00f3vel levaram a empresa a montar um verdadeiro escrit\u00f3rio de trabalho dentro da Casa. \u201cMais do que levantar dados, estamos vivenciando a realidade da Casa. \u00c9 um verdadeiro trabalho de imers\u00e3o que vai nos garantir n\u00e3o somente um projeto detalhado, mas um rico conhecimento sobre a hist\u00f3ria e cultura local\u201d, completou.<\/p>\n\n\n\n<p><strong>OS DETALHES DA CASA HERMANN M\u00dcLLER<\/strong><\/p>\n\n\n\n<p>Endere\u00e7o: Av. Carioba, n\u00ba 2.001 \u2013 Bairro Carioba \u2013 Americana-SP \u2013 Cep: 13472-717<br>Casa de Cultura Hermann M\u00fcller &#8211; criada atrav\u00e9s da Lei n\u00ba 3.313, de 14 de julho de 1999. Inaugurada em 2001.<br>Tombamento como patrim\u00f4nio hist\u00f3rico pelo Governo do Estado de S\u00e3o Paulo: Resolu\u00e7\u00e3o 21 de 09\/05\/2013, Processo 23.132\/1984, Livro do Tombo Hist\u00f3rico: inscri\u00e7\u00e3o n\u00ba 400, p. 118, Publica\u00e7\u00e3o do Di\u00e1rio Oficial: Poder Executivo: 22\/05\/2013, p. 68 e 69<\/p>\n\n\n\n<p>Carioba, em tupi guarani, significa pano branco<\/p>\n\n\n\n<p>A constru\u00e7\u00e3o da casa demorou seis anos, de 1903 a 1909<br>A primeira fase da Casa foi constru\u00edda no estilo ingl\u00eas composta da bay window, sem o pavimento superior.<br>Em 1910 \u00e9 anexado o pavimento superior e constru\u00eddo o observat\u00f3rio, inicialmente de forma esf\u00e9rica envidra\u00e7ada com visibilidade para cima e lateral de 360\u00ba. Em 1939 foi alterado para forma quadrada onde foi colocado um telhado na parte superior e janelas nas laterais, est\u00e1 altera\u00e7\u00e3o foi devido por consequ\u00eancias do in\u00edcio da Segunda Guerra Mundial, onde a casa passou a ter um estilo \u00edtalo-germ\u00e2nico.<\/p>\n\n\n\n<p>O im\u00f3vel tem 56 c\u00f4modos distribu\u00eddos em 5 pavimentos, incluindo a adega na parte mais inferior da casa com acesso externo<br>Entre os anos de 1950 e 1960 os arcos das portas e janelas foram retirados e o teto da sala de jantar foi rebaixado. Foram realizadas altera\u00e7\u00f5es no telhado e na \u00e1rea social (com a substitui\u00e7\u00e3o do assoalho por pisos). O quintal tamb\u00e9m foi aterrado.<\/p>\n","protected":false},"excerpt":{"rendered":"<p>O arquiteto Alberto Streb \u00e9 uma das \u201cm\u00e3os e mentes\u201d envolvidas no projeto de restauro da Casa Hermann Muller. S\u00f3cio da OES Engenharia e Constru\u00e7\u00f5es Ltda. e formado em arquitetura pela Universidade Gama Filho, no Rio de Janeiro, Streb \u00e9 especialista em interven\u00e7\u00e3o e restauro em patrim\u00f4nio hist\u00f3rico e cultural pela Universidade Cruzeiro do SulA &hellip; <\/p>\n<p class=\"link-more\"><a href=\"https:\/\/casahermannmuller.com.br\/index.php\/resgate-da-historia\/\" class=\"more-link\">Leia mais<span class=\"screen-reader-text\"> &#8220;Resgate da Hist\u00f3ria&#8221;<\/span><\/a><\/p>\n","protected":false},"author":1,"featured_media":0,"parent":0,"menu_order":0,"comment_status":"closed","ping_status":"closed","template":"","meta":{"footnotes":""},"class_list":["post-271","page","type-page","status-publish","hentry"],"_links":{"self":[{"href":"https:\/\/casahermannmuller.com.br\/index.php\/wp-json\/wp\/v2\/pages\/271","targetHints":{"allow":["GET"]}}],"collection":[{"href":"https:\/\/casahermannmuller.com.br\/index.php\/wp-json\/wp\/v2\/pages"}],"about":[{"href":"https:\/\/casahermannmuller.com.br\/index.php\/wp-json\/wp\/v2\/types\/page"}],"author":[{"embeddable":true,"href":"https:\/\/casahermannmuller.com.br\/index.php\/wp-json\/wp\/v2\/users\/1"}],"replies":[{"embeddable":true,"href":"https:\/\/casahermannmuller.com.br\/index.php\/wp-json\/wp\/v2\/comments?post=271"}],"version-history":[{"count":3,"href":"https:\/\/casahermannmuller.com.br\/index.php\/wp-json\/wp\/v2\/pages\/271\/revisions"}],"predecessor-version":[{"id":319,"href":"https:\/\/casahermannmuller.com.br\/index.php\/wp-json\/wp\/v2\/pages\/271\/revisions\/319"}],"wp:attachment":[{"href":"https:\/\/casahermannmuller.com.br\/index.php\/wp-json\/wp\/v2\/media?parent=271"}],"curies":[{"name":"wp","href":"https:\/\/api.w.org\/{rel}","templated":true}]}}