{"id":273,"date":"2023-02-16T18:57:03","date_gmt":"2023-02-16T21:57:03","guid":{"rendered":"https:\/\/casahermannmuller.com.br\/?page_id=273"},"modified":"2023-02-20T16:11:17","modified_gmt":"2023-02-20T19:11:17","slug":"a-nova-casa-hermann-muller","status":"publish","type":"page","link":"https:\/\/casahermannmuller.com.br\/index.php\/a-nova-casa-hermann-muller\/","title":{"rendered":"A Nova Casa Hermann M\u00fcller"},"content":{"rendered":"<div class=\"wp-block-image\">\n<figure class=\"alignleft size-large is-resized\"><img loading=\"lazy\" decoding=\"async\" src=\"https:\/\/casahermannmuller.com.br\/wp-content\/uploads\/2023\/02\/vagner-848x1024.jpg\" alt=\"\" class=\"wp-image-311\" width=\"359\" height=\"433\" srcset=\"https:\/\/casahermannmuller.com.br\/wp-content\/uploads\/2023\/02\/vagner-848x1024.jpg 848w, https:\/\/casahermannmuller.com.br\/wp-content\/uploads\/2023\/02\/vagner-249x300.jpg 249w, https:\/\/casahermannmuller.com.br\/wp-content\/uploads\/2023\/02\/vagner-768x927.jpg 768w, https:\/\/casahermannmuller.com.br\/wp-content\/uploads\/2023\/02\/vagner.jpg 850w\" sizes=\"auto, (max-width: 359px) 100vw, 359px\" \/><figcaption class=\"wp-element-caption\"><em>O engenheiro Vagner Veneciano<\/em><\/figcaption><\/figure>\n<\/div>\n\n\n<p>A OES Engenharia e Constru\u00e7\u00f5es Ltda. \u00e9 a respons\u00e1vel pela elabora\u00e7\u00e3o do projeto de recupera\u00e7\u00e3o da estrutura f\u00edsica da Casa de Cultura Hermann M\u00fcller.<br>O projeto est\u00e1 sendo financiado com recursos p\u00fablicos recebidos por meio do ProAc EXPRESSO \u2013 ICMS DIRETO (37\/2021-2021.1622-0387-7941), programa do Governo do Estado de S\u00e3o Paulo para financiamento de projetos culturais.<br>Ap\u00f3s a finaliza\u00e7\u00e3o do projeto de restauro e reforma da Casa, inicia-se uma nova etapa, com a efetiva recupera\u00e7\u00e3o do telhado, que sofre com a deteriora\u00e7\u00e3o e falta de manuten\u00e7\u00e3o h\u00e1 muitos anos.<br>As infiltra\u00e7\u00f5es de \u00e1gua de chuva est\u00e3o acelerando a degrada\u00e7\u00e3o da Casa Hermann e por isso a equipe da OES entende que a reforma deve come\u00e7ar pelo telhado.<\/p>\n\n\n\n<p>Para a reforma do telhado a estimativa de investimento \u00e9 de cerca de R$ 1,7 milh\u00e3o e os recursos tamb\u00e9m devem ser oriundos do ProAc, por\u00e9m, dessa vez, na modalidade ProAc-ICMS, com a capta\u00e7\u00e3o junto a empresas privadas que podem destinar parte do ICMS que deveria ser recolhido aos cofres estaduais para o financiamento do projeto.<br>O engenheiro Vagner Veneciano explica que as empresas privadas encontram muitas vantagens ao financiar esse tipo de projeto. \u201cO ProAc \u00e9 um programa muito s\u00e9rio e que conduz com muito rigor o processo de aprova\u00e7\u00e3o das propostas. Quando um projeto \u00e9 aprovado pelo ProAc e os respons\u00e1veis podem fazer a capta\u00e7\u00e3o de recursos, \u00e9 sinal de que j\u00e1 passou por uma r\u00edgida avalia\u00e7\u00e3o junto aos t\u00e9cnicos do Estado e est\u00e1 apto\u201d, explicou.<\/p>\n\n\n\n<p>\u2018Entendemos que as empresas que apoiam esse tipo de iniciativa est\u00e3o adotando uma importante a\u00e7\u00e3o de responsabilidade social porque est\u00e3o auxiliando o trabalho de preserva\u00e7\u00e3o hist\u00f3rica e valoriza\u00e7\u00e3o da cultura regional, al\u00e9m de terem a certeza de que n\u00e3o est\u00e3o financiando aventureiros\u201d, completou.<br>As empresas ainda podem se beneficiar de todas as a\u00e7\u00f5es de marketing que s\u00e3o adotadas na divulga\u00e7\u00e3o dos projetos. \u201cTer sua marca associada a um projeto como esse, com a preserva\u00e7\u00e3o de um patrim\u00f4nio hist\u00f3rico de Americana, que mant\u00e9m vivo um registro do desenvolvimento da ind\u00fastria t\u00eaxtil brasileira, \u00e9 sem d\u00favida uma grande exposi\u00e7\u00e3o positiva\u201d, acrescentou o engenheiro.<\/p>\n\n\n\n<p><strong>O PROJETO<\/strong><\/p>\n\n\n\n<p>Restaurar um im\u00f3vel antigo e cl\u00e1ssico, que tem hist\u00f3ria e lembran\u00e7as em todos os seus detalhes, n\u00e3o \u00e9 um trabalho simples. E pensar que esse im\u00f3vel dever\u00e1 ser usado novamente, ganhando vida e utilidade, exige adequa\u00e7\u00f5es. \u00c9 com esse pensamento que a equipe da OES Engenharia e Constru\u00e7\u00f5es Ltda elaborou o projeto de restauro da Casa de Cultura Hermann Muller.<br>Dividido em cinco etapas, o projeto come\u00e7ou com o levantamento t\u00e9cnico cadastral do im\u00f3vel. Essa fase foi fundamental para o conhecimento da Casa, os materiais que foram usados na constru\u00e7\u00e3o e nas reformas, visualiza\u00e7\u00e3o dos ambientes e fluxos, cadastro de portas, janelas, pisos, forros, mobili\u00e1rio embutido, pontos de el\u00e9trica e hidr\u00e1ulica e, principalmente, para o levantamento das reais condi\u00e7\u00f5es do telhado.<\/p>\n\n\n\n<p>Ainda nessa primeira fase foram feitos os levantamentos relacionados \u00e0 \u00e1rea externa, o jardim imponente da Casa merece aten\u00e7\u00e3o. Foram catalogadas todas as esp\u00e9cies presentes na vegeta\u00e7\u00e3o, demarcados os caminhos, a piscina e a fonte.<br>\u201cCom a finaliza\u00e7\u00e3o dessa etapa tivemos um documento t\u00e9cnico que embasa o projeto como um todo, com todas as informa\u00e7\u00f5es atualizadas sobre a Casa\u201d, explicou o estagi\u00e1rio de engenharia da OES, Felipe Castro.<\/p>\n\n\n\n<p>A segunda etapa do projeto envolveu as quest\u00f5es de acessibilidade interna e externa. Como o objetivo \u00e9 que a Casa volte a ter \u201cvida\u201d e os espa\u00e7os sejam utilizados pela popula\u00e7\u00e3o, foi preciso recalcular fluxos e planejar altera\u00e7\u00f5es nos espa\u00e7os, inclusive nos banheiros, para garantir a acessibilidade universal dos ambientes.<br>A terceira etapa focou na \u00e1rea externa, com a remodela\u00e7\u00e3o do jardim, a transforma\u00e7\u00e3o da antiga piscina em um espelho d\u00b4\u00e1gua, o planejamento de implanta\u00e7\u00e3o do orquid\u00e1rio, a constru\u00e7\u00e3o de caminhos, ilumina\u00e7\u00e3o, instala\u00e7\u00e3o de lixeiras. Tudo para transformar o espa\u00e7o em um local de conviv\u00eancia agrad\u00e1vel.<\/p>\n\n\n\n<p>Os ciclistas poder\u00e3o encontrar na Casa Hermann um ponto de apoio. O projeto prev\u00ea a instala\u00e7\u00e3o de ducha e de ponto de ancoragem de bicicletas, com o objetivo de tonar o espa\u00e7o um ponto de apoio para todos que pedalam pelos caminhos da regi\u00e3o de Carioba.<br>Na quarta etapa os t\u00e9cnicos da OES promoveram o levantamento das chamadas \u201cpatologias\u201d do im\u00f3vel, todos os problemas que afetam a parte estrutural, entre os quais se destacam um afundamento em uma parte da Casa, causado por problemas na funda\u00e7\u00e3o, e o telhado.<\/p>\n\n\n\n<p>Para sanar as falhas na funda\u00e7\u00e3o o projeto prev\u00ea a ancoragem na parte afetada e para o telhado j\u00e1 foi desenvolvido um projeto de restauro, que compreende a quinta etapa do projeto.<br>A equipe da OES realizou todos os c\u00e1lculos estruturais referentes ao madeiramento do telhado, planejou o reposicionamento, rufos, calhas, condutores de \u00e1guas pluviais, enfim, um redimensionamento de toda a cobertura que conta com 52 \u00e1guas, cerca de 19,5 mil telhas cer\u00e2micas (tipo francesas) e 420 metros de calhas e rufos.<br>Enfim, tudo na Casa Hermann Muller \u00e9 grandioso, assim como \u00e9 grandiosa sua impon\u00eancia e sua import\u00e2ncia hist\u00f3rica para Americana e toda a regi\u00e3o.<\/p>\n","protected":false},"excerpt":{"rendered":"<p>A OES Engenharia e Constru\u00e7\u00f5es Ltda. \u00e9 a respons\u00e1vel pela elabora\u00e7\u00e3o do projeto de recupera\u00e7\u00e3o da estrutura f\u00edsica da Casa de Cultura Hermann M\u00fcller.O projeto est\u00e1 sendo financiado com recursos p\u00fablicos recebidos por meio do ProAc EXPRESSO \u2013 ICMS DIRETO (37\/2021-2021.1622-0387-7941), programa do Governo do Estado de S\u00e3o Paulo para financiamento de projetos culturais.Ap\u00f3s a &hellip; <\/p>\n<p class=\"link-more\"><a href=\"https:\/\/casahermannmuller.com.br\/index.php\/a-nova-casa-hermann-muller\/\" class=\"more-link\">Leia mais<span class=\"screen-reader-text\"> &#8220;A Nova Casa Hermann M\u00fcller&#8221;<\/span><\/a><\/p>\n","protected":false},"author":1,"featured_media":0,"parent":0,"menu_order":0,"comment_status":"closed","ping_status":"closed","template":"","meta":{"footnotes":""},"class_list":["post-273","page","type-page","status-publish","hentry"],"_links":{"self":[{"href":"https:\/\/casahermannmuller.com.br\/index.php\/wp-json\/wp\/v2\/pages\/273","targetHints":{"allow":["GET"]}}],"collection":[{"href":"https:\/\/casahermannmuller.com.br\/index.php\/wp-json\/wp\/v2\/pages"}],"about":[{"href":"https:\/\/casahermannmuller.com.br\/index.php\/wp-json\/wp\/v2\/types\/page"}],"author":[{"embeddable":true,"href":"https:\/\/casahermannmuller.com.br\/index.php\/wp-json\/wp\/v2\/users\/1"}],"replies":[{"embeddable":true,"href":"https:\/\/casahermannmuller.com.br\/index.php\/wp-json\/wp\/v2\/comments?post=273"}],"version-history":[{"count":3,"href":"https:\/\/casahermannmuller.com.br\/index.php\/wp-json\/wp\/v2\/pages\/273\/revisions"}],"predecessor-version":[{"id":314,"href":"https:\/\/casahermannmuller.com.br\/index.php\/wp-json\/wp\/v2\/pages\/273\/revisions\/314"}],"wp:attachment":[{"href":"https:\/\/casahermannmuller.com.br\/index.php\/wp-json\/wp\/v2\/media?parent=273"}],"curies":[{"name":"wp","href":"https:\/\/api.w.org\/{rel}","templated":true}]}}