{"id":294,"date":"2023-02-20T15:26:08","date_gmt":"2023-02-20T18:26:08","guid":{"rendered":"https:\/\/casahermannmuller.com.br\/?page_id=294"},"modified":"2023-02-20T16:07:10","modified_gmt":"2023-02-20T19:07:10","slug":"expediente","status":"publish","type":"page","link":"https:\/\/casahermannmuller.com.br\/index.php\/expediente\/","title":{"rendered":"Expediente"},"content":{"rendered":"\n<p><\/p>\n\n\n\n<p><strong>Informativo do Projeto de Restauro da Casa Hermann M\u00fcller<\/strong><\/p>\n\n\n\n<p>Projeto Proac Expresso n\u00ba: 37\/2021-2021.1622-0387-7941<\/p>\n\n\n\n<p>Arquiteto Respons\u00e1vel: Alberto Streb<br>Engenheiro Respons\u00e1vel: Vagner Veneciano<br>Arquitetos Estagi\u00e1rios: Felipe Oliveira<br>Camila Leite<br>Gabriella Casteleti<br>Aline Andrade<\/p>\n\n\n\n<p><br>Projeto Editorial e Diagrama\u00e7\u00e3o: Fernando Zavarelli<br>Pesquisa Hist\u00f3rica: Elizabete Carla Guedes e Orestes Camargo Neves<br>Jornalista Respons\u00e1vel: Sol Strozzi &#8211; MTB: 37.467<br>Fotos: Arquivo Casa Hermann M\u00fcller \/ Fernando Zavarelli<\/p>\n\n\n\n<p>Impress\u00e3o: Gr\u00e1fica Santa Edwiges<br>Tiragem: 1.000 exemplares<\/p>\n\n\n\n<p>Americana &#8211; S\u00e3o Paulo &#8211; Novembro de 2022<\/p>\n\n\n<div class=\"wp-block-image\">\n<figure class=\"aligncenter size-large is-resized\"><img loading=\"lazy\" decoding=\"async\" src=\"https:\/\/casahermannmuller.com.br\/wp-content\/uploads\/2023\/02\/logos_assinatura-1024x132.jpg\" alt=\"\" class=\"wp-image-308\" width=\"820\" height=\"105\" srcset=\"https:\/\/casahermannmuller.com.br\/wp-content\/uploads\/2023\/02\/logos_assinatura-1024x132.jpg 1024w, https:\/\/casahermannmuller.com.br\/wp-content\/uploads\/2023\/02\/logos_assinatura-300x39.jpg 300w, https:\/\/casahermannmuller.com.br\/wp-content\/uploads\/2023\/02\/logos_assinatura-768x99.jpg 768w, https:\/\/casahermannmuller.com.br\/wp-content\/uploads\/2023\/02\/logos_assinatura-1536x198.jpg 1536w, https:\/\/casahermannmuller.com.br\/wp-content\/uploads\/2023\/02\/logos_assinatura.jpg 1703w\" sizes=\"auto, (max-width: 820px) 100vw, 820px\" \/><\/figure>\n<\/div>","protected":false},"excerpt":{"rendered":"<p>Informativo do Projeto de Restauro da Casa Hermann M\u00fcller Projeto Proac Expresso n\u00ba: 37\/2021-2021.1622-0387-7941 Arquiteto Respons\u00e1vel: Alberto StrebEngenheiro Respons\u00e1vel: Vagner VenecianoArquitetos Estagi\u00e1rios: Felipe OliveiraCamila LeiteGabriella CasteletiAline Andrade Projeto Editorial e Diagrama\u00e7\u00e3o: Fernando ZavarelliPesquisa Hist\u00f3rica: Elizabete Carla Guedes e Orestes Camargo NevesJornalista Respons\u00e1vel: Sol Strozzi &#8211; MTB: 37.467Fotos: Arquivo Casa Hermann M\u00fcller \/ Fernando Zavarelli Impress\u00e3o: &hellip; <\/p>\n<p class=\"link-more\"><a href=\"https:\/\/casahermannmuller.com.br\/index.php\/expediente\/\" class=\"more-link\">Leia mais<span class=\"screen-reader-text\"> &#8220;Expediente&#8221;<\/span><\/a><\/p>\n","protected":false},"author":1,"featured_media":0,"parent":0,"menu_order":0,"comment_status":"closed","ping_status":"closed","template":"","meta":{"footnotes":""},"class_list":["post-294","page","type-page","status-publish","hentry"],"_links":{"self":[{"href":"https:\/\/casahermannmuller.com.br\/index.php\/wp-json\/wp\/v2\/pages\/294","targetHints":{"allow":["GET"]}}],"collection":[{"href":"https:\/\/casahermannmuller.com.br\/index.php\/wp-json\/wp\/v2\/pages"}],"about":[{"href":"https:\/\/casahermannmuller.com.br\/index.php\/wp-json\/wp\/v2\/types\/page"}],"author":[{"embeddable":true,"href":"https:\/\/casahermannmuller.com.br\/index.php\/wp-json\/wp\/v2\/users\/1"}],"replies":[{"embeddable":true,"href":"https:\/\/casahermannmuller.com.br\/index.php\/wp-json\/wp\/v2\/comments?post=294"}],"version-history":[{"count":3,"href":"https:\/\/casahermannmuller.com.br\/index.php\/wp-json\/wp\/v2\/pages\/294\/revisions"}],"predecessor-version":[{"id":310,"href":"https:\/\/casahermannmuller.com.br\/index.php\/wp-json\/wp\/v2\/pages\/294\/revisions\/310"}],"wp:attachment":[{"href":"https:\/\/casahermannmuller.com.br\/index.php\/wp-json\/wp\/v2\/media?parent=294"}],"curies":[{"name":"wp","href":"https:\/\/api.w.org\/{rel}","templated":true}]}}