{"id":387,"date":"2023-05-29T14:21:45","date_gmt":"2023-05-29T17:21:45","guid":{"rendered":"https:\/\/casahermannmuller.com.br\/?page_id=387"},"modified":"2023-05-29T14:32:55","modified_gmt":"2023-05-29T17:32:55","slug":"como-patrocinar","status":"publish","type":"page","link":"https:\/\/casahermannmuller.com.br\/index.php\/como-patrocinar\/","title":{"rendered":"Como Patrocinar"},"content":{"rendered":"\n<figure class=\"wp-block-image size-large\"><img loading=\"lazy\" decoding=\"async\" width=\"1024\" height=\"678\" src=\"https:\/\/casahermannmuller.com.br\/wp-content\/uploads\/2023\/02\/casa_06-1024x678.jpg\" alt=\"\" class=\"wp-image-382\" srcset=\"https:\/\/casahermannmuller.com.br\/wp-content\/uploads\/2023\/02\/casa_06-1024x678.jpg 1024w, https:\/\/casahermannmuller.com.br\/wp-content\/uploads\/2023\/02\/casa_06-300x199.jpg 300w, https:\/\/casahermannmuller.com.br\/wp-content\/uploads\/2023\/02\/casa_06-768x509.jpg 768w, https:\/\/casahermannmuller.com.br\/wp-content\/uploads\/2023\/02\/casa_06-1536x1018.jpg 1536w, https:\/\/casahermannmuller.com.br\/wp-content\/uploads\/2023\/02\/casa_06.jpg 2000w\" sizes=\"auto, (max-width: 1024px) 100vw, 1024px\" \/><\/figure>\n\n\n\n<p><strong>Quando a sua empresa patrocina projetos culturais, ela s\u00f3 tem a ganhar. Conhe\u00e7a as vantagens:<\/strong><\/p>\n\n\n\n<ul class=\"wp-block-list\">\n<li>refor\u00e7a o valor da sua marca<\/li>\n\n\n\n<li>mostra que a comunidade em que est\u00e1 inserida tem grande import\u00e2ncia<\/li>\n\n\n\n<li>gera um posicionamento de valor<\/li>\n\n\n\n<li>pode ser usado como ferramenta de marketing e divulga\u00e7\u00e3o<\/li>\n\n\n\n<li>melhora a imagem com os colaboradores<\/li>\n\n\n\n<li>demonstra responsabilidade social<\/li>\n\n\n\n<li>ajuda na divulga\u00e7\u00e3o de atividades culturais, melhorando a sociedade como um todo<\/li>\n<\/ul>\n\n\n\n<p>E o ponto mais interessante, \u00e9 que tudo isso n\u00e3o custa absolutamente nada para a sua empresa. A legisla\u00e7\u00e3o, federal e estadual, prev\u00ea uma ren\u00fancia fiscal para o patroc\u00ednio de projetos culturais.<\/p>\n\n\n\n<p>Ou seja, a sua empresa tem todas essas vantagens com custo zero.<\/p>\n\n\n\n<p>E tudo dentro da lei, que fornece todas as ferramentas para que todo o processo seja transparente e eficiente, desde o contrato de patroc\u00ednio at\u00e9 a presta\u00e7\u00e3o de contas de todo o projeto.<\/p>\n\n\n\n<p>Patrocinar a cultura \u00e9 um processo onde todos ganham. O artista que est\u00e1 produzindo, a sociedade que recebe essa produ\u00e7\u00e3o, e a sua empresa, que possibilita tudo isso.<\/p>\n\n\n\n<h2 class=\"wp-block-heading\">Proac<\/h2>\n\n\n\n<p>Programa de A\u00e7\u00e3o Cultural foi criado no Estado de S\u00e3o Paulo pela Lei n\u00b0 12.268\/2006, permitindo que o contribuinte do ICMS destine at\u00e9 3% sobre o ICMS no Estado de S\u00e3o Paulo como dedu\u00e7\u00e3o do seu imposto ao patroc\u00ednio de projetos culturais aprovados pela Secretaria de Cultura do Estado de S\u00e3o Paulo. O percentual de incentivo fiscal varia de acordo com o valor do imposto a recolher apurado pelo contribuinte.<\/p>\n\n\n\n<h2 class=\"wp-block-heading\">Quem Pode Patrocinar e Como Funciona<\/h2>\n\n\n\n<p>1 &#8211; Pode beneficiar-se do ProAC-SP a empresa contribuinte de ICMS que esteja em situa\u00e7\u00e3o regular perante o fisco e que tenha apurado imposto a recolher no ano imediatamente anterior. A empresa interessada em patrocinar projetos culturais incentivados pela Lei do ICMS deve passar por quatro fases:<\/p>\n\n\n\n<p>2 &#8211; Credenciamento &#8211; O credenciamento \u00e9 realizado por meio da Inscri\u00e7\u00e3o Estadual no Posto Fiscal Eletr\u00f4nico (PFE) pela internet: www.pfe.fazenda.sp.gov.br.<\/p>\n\n\n\n<p>3 &#8211; Habilita\u00e7\u00e3o &#8211; Ap\u00f3s o credenciamento, o contribuinte \u00e9 habilitado para a destina\u00e7\u00e3o de recursos incentivados. A habilita\u00e7\u00e3o \u00e9 renovada mensalmente, tamb\u00e9m por meio eletr\u00f4nico.<\/p>\n\n\n\n<p>4 &#8211; Destina\u00e7\u00e3o de Recursos &#8211; Para a destina\u00e7\u00e3o de recursos, \u00e9 fundamental que o contribuinte consulte o Aviso de Habilita\u00e7\u00e3o para saber o seu limite individual autorizado para patroc\u00ednio, que muda a cada m\u00eas em fun\u00e7\u00e3o da sua pr\u00f3pria atividade econ\u00f4mica, seguindo os percentuais descridos na tabela ao lado. Depois, deve ser gerado um boleto em nome do projeto cultural escolhido para patroc\u00ednio, a partir de uma listagem fornecida pela Secretaria da Cultura. Os recursos v\u00e3o diretamente para a conta corrente, gerenciada pela Secretaria de Cultura, para movimenta\u00e7\u00e3o exclusiva do projeto cultural. O patroc\u00ednio poder\u00e1 ser parcial ou no valor integral autorizado para o projeto. O patrocinador tamb\u00e9m poder\u00e1 investir em mais de um projeto, desde que o valor total de patroc\u00ednios n\u00e3o ultrapasse o percentual permitido pela Fazenda Estadual.<\/p>\n\n\n\n<p>Escritura\u00e7\u00e3o do Incentivo Fiscal &#8211; A escritura\u00e7\u00e3o deve ser realizada no m\u00eas de refer\u00eancia correspondente ao da habilita\u00e7\u00e3o (quando s\u00e3o pagos os boletos banc\u00e1rios) e deve seguir as instru\u00e7\u00f5es para escritura\u00e7\u00e3o do livro RAICMS correspondente ao estabelecimento credenciado.<\/p>\n\n\n\n<p><\/p>\n","protected":false},"excerpt":{"rendered":"<p>Quando a sua empresa patrocina projetos culturais, ela s\u00f3 tem a ganhar. Conhe\u00e7a as vantagens: E o ponto mais interessante, \u00e9 que tudo isso n\u00e3o custa absolutamente nada para a sua empresa. A legisla\u00e7\u00e3o, federal e estadual, prev\u00ea uma ren\u00fancia fiscal para o patroc\u00ednio de projetos culturais. Ou seja, a sua empresa tem todas essas &hellip; <\/p>\n<p class=\"link-more\"><a href=\"https:\/\/casahermannmuller.com.br\/index.php\/como-patrocinar\/\" class=\"more-link\">Leia mais<span class=\"screen-reader-text\"> &#8220;Como Patrocinar&#8221;<\/span><\/a><\/p>\n","protected":false},"author":1,"featured_media":0,"parent":0,"menu_order":0,"comment_status":"closed","ping_status":"closed","template":"","meta":{"footnotes":""},"class_list":["post-387","page","type-page","status-publish","hentry"],"_links":{"self":[{"href":"https:\/\/casahermannmuller.com.br\/index.php\/wp-json\/wp\/v2\/pages\/387","targetHints":{"allow":["GET"]}}],"collection":[{"href":"https:\/\/casahermannmuller.com.br\/index.php\/wp-json\/wp\/v2\/pages"}],"about":[{"href":"https:\/\/casahermannmuller.com.br\/index.php\/wp-json\/wp\/v2\/types\/page"}],"author":[{"embeddable":true,"href":"https:\/\/casahermannmuller.com.br\/index.php\/wp-json\/wp\/v2\/users\/1"}],"replies":[{"embeddable":true,"href":"https:\/\/casahermannmuller.com.br\/index.php\/wp-json\/wp\/v2\/comments?post=387"}],"version-history":[{"count":8,"href":"https:\/\/casahermannmuller.com.br\/index.php\/wp-json\/wp\/v2\/pages\/387\/revisions"}],"predecessor-version":[{"id":399,"href":"https:\/\/casahermannmuller.com.br\/index.php\/wp-json\/wp\/v2\/pages\/387\/revisions\/399"}],"wp:attachment":[{"href":"https:\/\/casahermannmuller.com.br\/index.php\/wp-json\/wp\/v2\/media?parent=387"}],"curies":[{"name":"wp","href":"https:\/\/api.w.org\/{rel}","templated":true}]}}