{"id":51,"date":"2022-04-07T09:39:46","date_gmt":"2022-04-07T12:39:46","guid":{"rendered":"https:\/\/casahermannmuller.com.br\/?page_id=51"},"modified":"2023-02-24T10:11:29","modified_gmt":"2023-02-24T13:11:29","slug":"alberto-streb","status":"publish","type":"page","link":"https:\/\/casahermannmuller.com.br\/index.php\/alberto-streb\/","title":{"rendered":"Alberto Streb"},"content":{"rendered":"<div class=\"wp-block-image\">\n<figure class=\"alignleft size-full is-resized\"><img loading=\"lazy\" decoding=\"async\" src=\"https:\/\/casahermannmuller.com.br\/wp-content\/uploads\/2023\/02\/alberto.jpg\" alt=\"\" class=\"wp-image-315\" width=\"426\" height=\"469\" srcset=\"https:\/\/casahermannmuller.com.br\/wp-content\/uploads\/2023\/02\/alberto.jpg 850w, https:\/\/casahermannmuller.com.br\/wp-content\/uploads\/2023\/02\/alberto-272x300.jpg 272w, https:\/\/casahermannmuller.com.br\/wp-content\/uploads\/2023\/02\/alberto-768x847.jpg 768w\" sizes=\"auto, (max-width: 426px) 100vw, 426px\" \/><figcaption class=\"wp-element-caption\"><em>Arquiteto Alberto Streb<\/em><\/figcaption><\/figure>\n<\/div>\n\n\n<p>1 &#8211; FORMA\u00c7\u00c3O ACAD\u00caMICA:<\/p>\n\n\n\n<p>1.1 &#8211; P\u00d3S-GRADUA\u00c7\u00c3O: MBA em Gest\u00e3o Estrat\u00e9gica de Pessoas, ministrado pela Funda\u00e7\u00e3o Get\u00falio Vargas, Lato Sensu, Coordenadora Maria Elizabeth Pupe Johann, concluido em fevereiro de 2018.<\/p>\n\n\n\n<p>1.2 &#8211; P\u00d3S-GRADUA\u00c7\u00c3O: Ministrado pela Universidade Cruzeiro do Sul, Lato Sensu &#8211; Patrim\u00f4nio Arquitet\u00f4nico Cultural: Preserva\u00e7\u00e3o e Restauro, Coordenado Dr. Samuel Kruchin, concluido em 2007.<\/p>\n\n\n\n<p>1.3 &#8211; SUPERIOR: Graduado em ARQUITETURA e URBANISMO pela Faculdade Gama Filho &#8211; RJ \u2013 conclu\u00eddo em 1986.<\/p>\n\n\n\n<p><\/p>\n\n\n\n<p><\/p>\n\n\n\n<p>2 &#8211; PRINCIPAIS ATIVIDADES:<\/p>\n\n\n\n<ol class=\"wp-block-list\" start=\"2\">\n<li>1 &#8211; EXPERI\u00caNCIA PROFISSIONAL EM PROJETOS E EM RESTAURA\u00c7\u00d5ES:<\/li>\n<\/ol>\n\n\n\n<p>2.1.1) Resp. T\u00e9cnico pela restaura\u00e7\u00e3o do Pr\u00e9dio da Usina Cultural, de setembro de 2019 a janeiro de de 2020, pela empresa Bar\u00e3o Restaura\u00e7\u00f5es Ltda na cidade de Sorocaba. SOROCABA \u2013 SP<\/p>\n\n\n\n<p>2.1.2) Resp. T\u00e9cnico pela restaura\u00e7\u00e3o do Palacete Scarpa, de novembro de 2017 a novembro de 2018, pela empresa Baruque Restaura\u00e7\u00f5es Ltda na cidade de Sorocaba. SOROCABA \u2013 SP<\/p>\n\n\n\n<p>2.1.3) Resp. T\u00e9nico pela restaura\u00e7\u00e3o da F\u00e1brica Santa Maria, 1\u00aa etapa de mar\u00e7o de 2008 a maio de 3008 e a 2\u00aa etapa de junho de 2010 a setembro de 2018, pela empresa Baruque Restaura\u00e7\u00f5es Ltda na cidade de Sorocaba. SOROCABA \u2013 SP<\/p>\n\n\n\n<p>2.1.4) Resp. T\u00e9nico pela restaura\u00e7\u00e3o da Ponte Metl\u00e1lica sobre o Rio Piracicaba, de fevereiro de 2009 a junho de 2009, entre as cidades de Americana e Limeira. AMERICANA \u2013 SP<\/p>\n\n\n\n<p>2.1.5) Resp. T\u00e9nico pela restaura\u00e7\u00e3o do Museu Hist\u00f3rico Pedag\u00f3gio Municipal Dr. Jo\u00e3o da Silva Carr\u00e3o, de outubro de 2008 a mar\u00e7o de 2009 &#8211; Av. Nicolau Jo\u00e3o Abdalla, 5.005. AMERICANA \u2013 SP.<\/p>\n\n\n\n<p>2.1.6) Substitui\u00e7\u00e3o do Telhado da Igreja Matriz de Registro, de junho de 2007 a setembro de 2007 &#8211; Rua Pio XI, 78. REGISTRO &#8211; SP<\/p>\n\n\n\n<p>2.1.7) Restaura\u00e7\u00e3o das Portas, Janelas, Forrro Interno, Molduras e Forro do Beiral do telhado, de julho de 2007 a 0utubro 2007, Casar\u00e3o do Condom\u00ednio Residenncial das Palmeiras \u2013 Construdora Rossi S.A. Pra\u00e7a da Independ\u00eancia, 187. JACAREI &#8211; SP<\/p>\n\n\n\n<p>2.1.8) Atualiza\u00e7\u00e3o e complementa\u00e7\u00e3o do Projeto de Restauro da Igreja de S\u00e3o Benedito, de junho de 2007 a agosto de 2007, Pra\u00e7a Afon\u00e7o Penha, 267. S\u00c3O JOS\u00c9 DOS CAMPOS &#8211; SP<\/p>\n\n\n\n<p>2.1.9) Restaura\u00e7\u00e3o da Esta\u00e7\u00e3o Ferrovi\u00e1ria do do Bairro do Tanque, de novembro de 2006 a maio de 2007, Bairro do Tanque. ATIBAIA &#8211; SP<\/p>\n\n\n\n<p>2.1.10) Restaura\u00e7\u00e3o da Fachada do Convento da Congrega\u00e7\u00e3o do Sant\u00edssimo Redentor, de agosto de 2006 a outubro de 2006, Pra\u00e7a Nossa Senhora Aparecida, 273. APARECIDA \u2013 SP<\/p>\n\n\n\n<p>2.2 &#8211; RESTAURA\u00c7\u00d5ES DE PATROM\u00d4NIO ARQUITET\u00d4NICO CULTURAL:<\/p>\n\n\n\n<p>2.2.1) Elabora\u00e7\u00e3o de pesquisas arquitet\u00f4nicas, hist\u00f3ricas, bibliogr\u00e1ficas e mapeamento de edif\u00edcios hist\u00f3ricos.<\/p>\n\n\n\n<p>2.2.2) Viabilidade de documentos de libera\u00e7\u00e3o junto ao IPHAN &#8211; CONDEPHAAT e outros \u00f3rg\u00e3os p\u00fablicos de defesa do Patrim\u00f4nio Hist\u00f3rico Cultural.<\/p>\n\n\n\n<p>2.2.3) Elabora\u00e7\u00e3o de projetos arquitet\u00f4nicos, memoriais descritivos de restauro e planilhas de custos.<br>2.2.4) Levantamento metro arquitet\u00f4nico cadastral, an\u00e1lise tipol\u00f3gica dos edif\u00edcios, descri\u00e7\u00e3o dos estilos e partidos arquitet\u00f4nicos e das hierarquias dos valores ornamentais.<\/p>\n\n\n\n<p>2.2.5) Analogia dos problemas causados por umidade, oxida\u00e7\u00e3o, dissocia\u00e7\u00e3o dos componentes agregantes do concreto e alvenaria, ataques biol\u00f3gicos, fuligens, e por a\u00e7\u00e3o cronol\u00f3gica.<\/p>\n\n\n\n<p>2.2.6) Prospec\u00e7\u00f5es explorat\u00f3rias, pict\u00f3rica e estratigr\u00e1ficas, an\u00e1lise pr\u00e9via intervencional, hierarquias dos espa\u00e7os f\u00edsicos.<\/p>\n\n\n\n<p>2.2.7) Lavagem de edif\u00edcios pelo m\u00e9todo de hidrojateamento com produtos biodegrad\u00e1veis, para eliminar sujidades, p\u00e1tinas, fuligens, e elementos em decomposi\u00e7\u00e3o e degenera\u00e7\u00e3o.<\/p>\n\n\n\n<p>2.2.8) Aplica\u00e7\u00e3o de massa raspada e argila de mica.<\/p>\n\n\n\n<p>2.2.9) Pinturas de edif\u00edcios hist\u00f3ricos pelo m\u00e9todo de cal pastosa autotranspirante para arquitetura de terra e revestimentos novos.<\/p>\n\n\n\n<p>2.2.10) Realiza\u00e7\u00e3o de Palestras e Semin\u00e1rios pertinentes ao Patrim\u00f4nio Hist\u00f3rico e Cultural e Assessoramento t\u00e9cnico e metodol\u00f3gico.<\/p>\n\n\n\n<p>2.2.11) Procedimentos para elabora\u00e7\u00e3o de parcerias para salvaguardar o Patrim\u00f4nio tombado junto aos \u00f3rg\u00e3os P\u00fablicos e Entidades Privadas.<\/p>\n\n\n\n<p>2.2.12) Execu\u00e7\u00e3o e acompanhamento de obras e restaura\u00e7\u00e3o, com emiss\u00e3o de relat\u00f3rio de acompanhamento das obras.<\/p>\n\n\n\n<p>2.2.13) Laudo T\u00e9cnico de Patrim\u00f4nio Cultural.<\/p>\n\n\n\n<p>OUTRAS ATIVIDADES RELACIONADAS AO PATRIM\u00d4NIO CULTURAL<\/p>\n\n\n\n<p>Membro do Conselho Municipal de Defesa do Patrim\u00f4nio de Sorocaba \u2013 CMDP, deste 2001, quando fui indicado pelo Conselho Regional de Engenharia e Arquitetura \u2013 CREA, como menbro titular, onde sempre fui reconduzido at\u00e9 2013, pelo CREA. Neste per\u00edodo ocupei o cargo de presidente e vice-presidente.<\/p>\n\n\n\n<p>Em 2014, fui novamente indicado como membro titular atrav\u00e9s do Instituto Hist\u00f3rico, Geogr\u00e1fico e Geneal\u00f3gico de Sorocaba \u2013 IHGGS, deste 2014 at\u00e9 a presente data, onde atualmente ocupo o cargo de Presidente do CMDP.<\/p>\n\n\n\n<p>Como presidente do CMDP de 2018 a 2020, tenho as atribui\u00e7\u00f5es de presidir as reuni\u00f5es ordin\u00e1rias, que s\u00e3o realizadas uma vez por m\u00eas e tamb\u00e9m as reuni\u00f5es extra-ordin\u00e1rias que acontece sempre que o presidente faz a convoca\u00e7\u00e3o e\/ou por solicta\u00e7\u00f5es de seus conselheiros.<\/p>\n\n\n\n<p>As reuni\u00f5es ordin\u00e1rias segue a segu\u00eancia dos trabalhos previsto na lei de cria\u00e7\u00e3o e do regimento interno, na qual \u00e9 feita a verifica\u00e7\u00e3o da presen\u00e7a, leitura da ata da \u00faltima reuni\u00e3o, pauta e an\u00e1lise dos processos de pedido de estudo de tombamneto, com as seguintes atribu\u00ed\u00e7\u00f5es:<\/p>\n\n\n\n<p>Presido as se\u00e7\u00f5es ordin\u00e1rias e extre-ordin\u00e1rias, visando a an\u00e1lise de processos em estudo de tombamento, bem como propor o tombamento de bens m\u00f3veis e im\u00f3veis situados em Sorocaba.<\/p>\n\n\n\n<p>Mantenho um relaciomanento com organismos p\u00fablicos e privados que tenham entre seus fins essenciais a presenva\u00e7\u00e3o do patrim\u00f4nio cultural, participando de reuni\u00f5es e eventos culturais realizados na Cidade de Sorocaba, prestanto informa\u00e7\u00f5es e esclarecimentos para a divulga\u00e7\u00e3o de lei de Preserva\u00e7\u00e3o do Patrim\u00f4nio Cultural de bens materiais e imateriais tombados pelo munic\u00edpio de Sorocaba, conforme lei municipal n\u00ba 10.150 de 19 de junho de 2012, visando a formula\u00e7\u00e3o de diretrizes de preseva\u00e7\u00e3o dos bens tombados e no seu entorno.<\/p>\n\n\n\n<p>Opino e manifesto-me sobre projetos, planos e propostas de constru\u00e7\u00e3o, preserva\u00e7\u00e3o, de conserva\u00e7\u00e3o, repara\u00e7\u00e3o, restaura\u00e7\u00e3o e demoli\u00e7\u00e3o, bem como sobre pedido de licen\u00e7a para funcionamento de atividades comerciais, industriais e prestadoras de servi\u00e7os em \u00e1reas de preserva\u00e7\u00e3o de bens.<\/p>\n","protected":false},"excerpt":{"rendered":"<p>1 &#8211; FORMA\u00c7\u00c3O ACAD\u00caMICA: 1.1 &#8211; P\u00d3S-GRADUA\u00c7\u00c3O: MBA em Gest\u00e3o Estrat\u00e9gica de Pessoas, ministrado pela Funda\u00e7\u00e3o Get\u00falio Vargas, Lato Sensu, Coordenadora Maria Elizabeth Pupe Johann, concluido em fevereiro de 2018. 1.2 &#8211; P\u00d3S-GRADUA\u00c7\u00c3O: Ministrado pela Universidade Cruzeiro do Sul, Lato Sensu &#8211; Patrim\u00f4nio Arquitet\u00f4nico Cultural: Preserva\u00e7\u00e3o e Restauro, Coordenado Dr. Samuel Kruchin, concluido em 2007. &hellip; <\/p>\n<p class=\"link-more\"><a href=\"https:\/\/casahermannmuller.com.br\/index.php\/alberto-streb\/\" class=\"more-link\">Leia mais<span class=\"screen-reader-text\"> &#8220;Alberto Streb&#8221;<\/span><\/a><\/p>\n","protected":false},"author":1,"featured_media":0,"parent":0,"menu_order":0,"comment_status":"closed","ping_status":"closed","template":"","meta":{"footnotes":""},"class_list":["post-51","page","type-page","status-publish","hentry"],"_links":{"self":[{"href":"https:\/\/casahermannmuller.com.br\/index.php\/wp-json\/wp\/v2\/pages\/51","targetHints":{"allow":["GET"]}}],"collection":[{"href":"https:\/\/casahermannmuller.com.br\/index.php\/wp-json\/wp\/v2\/pages"}],"about":[{"href":"https:\/\/casahermannmuller.com.br\/index.php\/wp-json\/wp\/v2\/types\/page"}],"author":[{"embeddable":true,"href":"https:\/\/casahermannmuller.com.br\/index.php\/wp-json\/wp\/v2\/users\/1"}],"replies":[{"embeddable":true,"href":"https:\/\/casahermannmuller.com.br\/index.php\/wp-json\/wp\/v2\/comments?post=51"}],"version-history":[{"count":3,"href":"https:\/\/casahermannmuller.com.br\/index.php\/wp-json\/wp\/v2\/pages\/51\/revisions"}],"predecessor-version":[{"id":378,"href":"https:\/\/casahermannmuller.com.br\/index.php\/wp-json\/wp\/v2\/pages\/51\/revisions\/378"}],"wp:attachment":[{"href":"https:\/\/casahermannmuller.com.br\/index.php\/wp-json\/wp\/v2\/media?parent=51"}],"curies":[{"name":"wp","href":"https:\/\/api.w.org\/{rel}","templated":true}]}}