{"id":57,"date":"2022-04-07T09:42:18","date_gmt":"2022-04-07T12:42:18","guid":{"rendered":"https:\/\/casahermannmuller.com.br\/?page_id=57"},"modified":"2023-02-24T09:56:23","modified_gmt":"2023-02-24T12:56:23","slug":"vagner-veneciano","status":"publish","type":"page","link":"https:\/\/casahermannmuller.com.br\/index.php\/vagner-veneciano\/","title":{"rendered":"Vagner Veneciano"},"content":{"rendered":"<div class=\"wp-block-image\">\n<figure class=\"alignleft size-large is-resized\"><img loading=\"lazy\" decoding=\"async\" src=\"https:\/\/casahermannmuller.com.br\/wp-content\/uploads\/2023\/02\/vagner-848x1024.jpg\" alt=\"\" class=\"wp-image-311\" width=\"357\" height=\"431\" srcset=\"https:\/\/casahermannmuller.com.br\/wp-content\/uploads\/2023\/02\/vagner-848x1024.jpg 848w, https:\/\/casahermannmuller.com.br\/wp-content\/uploads\/2023\/02\/vagner-249x300.jpg 249w, https:\/\/casahermannmuller.com.br\/wp-content\/uploads\/2023\/02\/vagner-768x927.jpg 768w, https:\/\/casahermannmuller.com.br\/wp-content\/uploads\/2023\/02\/vagner.jpg 850w\" sizes=\"auto, (max-width: 357px) 100vw, 357px\" \/><figcaption class=\"wp-element-caption\"><em>Engenheiro Vagner Veneciano<\/em><\/figcaption><\/figure>\n<\/div>\n\n\n<p>Formado em Engenharia Civil, possui larga experi\u00eancia na \u00e1rea, com dezenas de obras executadas em Americana e em outras cidades da regi\u00e3o.<\/p>\n\n\n\n<p>\u00c9 o respons\u00e1vel por toda a parte de engenharia do projeto de restauro da Casa Hermann M\u00fcller, que envolve telhado, estrutura, funda\u00e7\u00f5es e muitos outros detalhes importantes para o perfeito restauro do im\u00f3vel.<\/p>\n","protected":false},"excerpt":{"rendered":"<p>Formado em Engenharia Civil, possui larga experi\u00eancia na \u00e1rea, com dezenas de obras executadas em Americana e em outras cidades da regi\u00e3o. \u00c9 o respons\u00e1vel por toda a parte de engenharia do projeto de restauro da Casa Hermann M\u00fcller, que envolve telhado, estrutura, funda\u00e7\u00f5es e muitos outros detalhes importantes para o perfeito restauro do im\u00f3vel.<\/p>\n","protected":false},"author":1,"featured_media":0,"parent":0,"menu_order":0,"comment_status":"closed","ping_status":"closed","template":"","meta":{"footnotes":""},"class_list":["post-57","page","type-page","status-publish","hentry"],"_links":{"self":[{"href":"https:\/\/casahermannmuller.com.br\/index.php\/wp-json\/wp\/v2\/pages\/57","targetHints":{"allow":["GET"]}}],"collection":[{"href":"https:\/\/casahermannmuller.com.br\/index.php\/wp-json\/wp\/v2\/pages"}],"about":[{"href":"https:\/\/casahermannmuller.com.br\/index.php\/wp-json\/wp\/v2\/types\/page"}],"author":[{"embeddable":true,"href":"https:\/\/casahermannmuller.com.br\/index.php\/wp-json\/wp\/v2\/users\/1"}],"replies":[{"embeddable":true,"href":"https:\/\/casahermannmuller.com.br\/index.php\/wp-json\/wp\/v2\/comments?post=57"}],"version-history":[{"count":3,"href":"https:\/\/casahermannmuller.com.br\/index.php\/wp-json\/wp\/v2\/pages\/57\/revisions"}],"predecessor-version":[{"id":375,"href":"https:\/\/casahermannmuller.com.br\/index.php\/wp-json\/wp\/v2\/pages\/57\/revisions\/375"}],"wp:attachment":[{"href":"https:\/\/casahermannmuller.com.br\/index.php\/wp-json\/wp\/v2\/media?parent=57"}],"curies":[{"name":"wp","href":"https:\/\/api.w.org\/{rel}","templated":true}]}}