{"id":59,"date":"2022-04-07T09:42:33","date_gmt":"2022-04-07T12:42:33","guid":{"rendered":"https:\/\/casahermannmuller.com.br\/?page_id=59"},"modified":"2022-04-14T16:47:51","modified_gmt":"2022-04-14T19:47:51","slug":"fernando-zavarelli","status":"publish","type":"page","link":"https:\/\/casahermannmuller.com.br\/index.php\/fernando-zavarelli\/","title":{"rendered":"Fernando Zavarelli"},"content":{"rendered":"\n<div class=\"wp-block-image\"><figure class=\"alignleft size-full\"><img loading=\"lazy\" decoding=\"async\" width=\"298\" height=\"450\" src=\"https:\/\/casahermannmuller.com.br\/wp-content\/uploads\/2022\/04\/fernando.jpg\" alt=\"\" class=\"wp-image-162\" srcset=\"https:\/\/casahermannmuller.com.br\/wp-content\/uploads\/2022\/04\/fernando.jpg 298w, https:\/\/casahermannmuller.com.br\/wp-content\/uploads\/2022\/04\/fernando-199x300.jpg 199w\" sizes=\"auto, (max-width: 298px) 100vw, 298px\" \/><\/figure><\/div>\n\n\n\n<p>Formado em computa\u00e7\u00e3o pela Universidade Metodista de Piracicaba, graduado em Design Gr\u00e1fico na FAM \u2013 Faculdade de Americana, mais de 20 anos de experi\u00eancia, com \u00eanfase em fotografia, design e produ\u00e7\u00e3o gr\u00e1fica.<\/p>\n\n\n\n<p>Possui larga experi\u00eancia no desenvolvimento e produ\u00e7\u00e3o de publica\u00e7\u00f5es como jornais, revistas e livros. Tamb\u00e9m \u00e9 fot\u00f3grafo publicit\u00e1rio com experi\u00eancia em est\u00fadio, still, fotografia para arquitetura, entre outros. Viv\u00eancia em administra\u00e7\u00e3o de projetos de grande porte, gerenciamento de m\u00eddias diversas e finaliza\u00e7\u00e3o de materiais. Tamb\u00e9m editor de v\u00eddeo com experi\u00eancia em produ\u00e7\u00e3o de comerciais e programas para televis\u00e3o e internet.<\/p>\n\n\n\n<p>Trabalhou em ag\u00eancias de publicidade e nos \u00faltimos anos atua como profissional aut\u00f4nomo na \u00e1rea de publica\u00e7\u00f5es, branding, fotografia, design gr\u00e1fico, impressos, web design e redes sociais.<\/p>\n\n\n\n<p>\u00c9 o respons\u00e1vel pela identidade visual e gr\u00e1fica do projeto de restauro, pelo website e tamb\u00e9m pelas redes sociais. Cuida das fotografias, impressos e tamb\u00e9m \u00e9 respons\u00e1vel pela elabora\u00e7\u00e3o do projeto de sinaliza\u00e7\u00e3o do espa\u00e7o.<\/p>\n\n\n\n<p>Seu portf\u00f3lio pode ser visto em <strong><a href=\"https:\/\/fzdesign.com.br\/\" target=\"_blank\" rel=\"noreferrer noopener\">www.fzdesign.com.br<\/a><\/strong><\/p>\n\n\n\n<p><\/p>\n","protected":false},"excerpt":{"rendered":"<p>Formado em computa\u00e7\u00e3o pela Universidade Metodista de Piracicaba, graduado em Design Gr\u00e1fico na FAM \u2013 Faculdade de Americana, mais de 20 anos de experi\u00eancia, com \u00eanfase em fotografia, design e produ\u00e7\u00e3o gr\u00e1fica. Possui larga experi\u00eancia no desenvolvimento e produ\u00e7\u00e3o de publica\u00e7\u00f5es como jornais, revistas e livros. Tamb\u00e9m \u00e9 fot\u00f3grafo publicit\u00e1rio com experi\u00eancia em est\u00fadio, still, &hellip; <\/p>\n<p class=\"link-more\"><a href=\"https:\/\/casahermannmuller.com.br\/index.php\/fernando-zavarelli\/\" class=\"more-link\">Leia mais<span class=\"screen-reader-text\"> &#8220;Fernando Zavarelli&#8221;<\/span><\/a><\/p>\n","protected":false},"author":1,"featured_media":0,"parent":0,"menu_order":0,"comment_status":"closed","ping_status":"closed","template":"","meta":{"footnotes":""},"class_list":["post-59","page","type-page","status-publish","hentry"],"_links":{"self":[{"href":"https:\/\/casahermannmuller.com.br\/index.php\/wp-json\/wp\/v2\/pages\/59","targetHints":{"allow":["GET"]}}],"collection":[{"href":"https:\/\/casahermannmuller.com.br\/index.php\/wp-json\/wp\/v2\/pages"}],"about":[{"href":"https:\/\/casahermannmuller.com.br\/index.php\/wp-json\/wp\/v2\/types\/page"}],"author":[{"embeddable":true,"href":"https:\/\/casahermannmuller.com.br\/index.php\/wp-json\/wp\/v2\/users\/1"}],"replies":[{"embeddable":true,"href":"https:\/\/casahermannmuller.com.br\/index.php\/wp-json\/wp\/v2\/comments?post=59"}],"version-history":[{"count":5,"href":"https:\/\/casahermannmuller.com.br\/index.php\/wp-json\/wp\/v2\/pages\/59\/revisions"}],"predecessor-version":[{"id":167,"href":"https:\/\/casahermannmuller.com.br\/index.php\/wp-json\/wp\/v2\/pages\/59\/revisions\/167"}],"wp:attachment":[{"href":"https:\/\/casahermannmuller.com.br\/index.php\/wp-json\/wp\/v2\/media?parent=59"}],"curies":[{"name":"wp","href":"https:\/\/api.w.org\/{rel}","templated":true}]}}