{"id":79,"date":"2022-04-07T10:05:17","date_gmt":"2022-04-07T13:05:17","guid":{"rendered":"https:\/\/casahermannmuller.com.br\/?page_id=79"},"modified":"2022-04-08T02:09:20","modified_gmt":"2022-04-08T05:09:20","slug":"o-projeto","status":"publish","type":"page","link":"https:\/\/casahermannmuller.com.br\/index.php\/o-projeto\/","title":{"rendered":"O Projeto"},"content":{"rendered":"\n<h2 class=\"wp-block-heading\">Resumo<\/h2>\n\n\n\n<p class=\"has-text-align-left\">devido \u00e0 a\u00e7\u00e3o do tempo. O projeto visa a elabora\u00e7\u00e3o de projetos de restauro do hist\u00f3rico im\u00f3vel, fazendo com que a cidade continue usufruindo desse marco hist\u00f3rico de imenso valor para a cidade, onde por muitos anos residiu a fam\u00edlia Muller, que foi respons\u00e1vel pelo surgimento de um dos maiores parques t\u00eaxteis da Am\u00e9rica Latina.<\/p>\n\n\n\n<p><\/p>\n\n\n\n<h2 class=\"wp-block-heading\">Descri\u00e7\u00e3o<\/h2>\n\n\n\n<p>A Casa Herman Muller foi constru\u00edda no come\u00e7o do s\u00e9culo passado, tendo por refer\u00eancia de estilo, a arquitetura germ\u00e2nica do mesmo per\u00edodo. Al\u00e9m de dezenas de c\u00f4modos \u2013 inclusive por\u00f5es e s\u00f3t\u00e3o &#8211; com um p\u00e9 direito bem mais alto do que os dos padr\u00f5es atuais, portas e janelas grandes. A casa tem um mirante, de onde pode ser vista uma linda paisagem natural. Ao lado da casa existe uma usina hidroel\u00e9trica desativada, constru\u00edda naquele mesmo per\u00edodo.<\/p>\n\n\n\n<figure class=\"wp-block-image size-large\"><img loading=\"lazy\" decoding=\"async\" width=\"1024\" height=\"647\" src=\"https:\/\/casahermannmuller.com.br\/wp-content\/uploads\/2022\/04\/cropped-hermann_001-scaled-1-1024x647.jpg\" alt=\"\" class=\"wp-image-22\" srcset=\"https:\/\/casahermannmuller.com.br\/wp-content\/uploads\/2022\/04\/cropped-hermann_001-scaled-1-1024x647.jpg 1024w, https:\/\/casahermannmuller.com.br\/wp-content\/uploads\/2022\/04\/cropped-hermann_001-scaled-1-300x190.jpg 300w, https:\/\/casahermannmuller.com.br\/wp-content\/uploads\/2022\/04\/cropped-hermann_001-scaled-1-768x485.jpg 768w, https:\/\/casahermannmuller.com.br\/wp-content\/uploads\/2022\/04\/cropped-hermann_001-scaled-1-1536x971.jpg 1536w, https:\/\/casahermannmuller.com.br\/wp-content\/uploads\/2022\/04\/cropped-hermann_001-scaled-1.jpg 2000w\" sizes=\"auto, (max-width: 1024px) 100vw, 1024px\" \/><figcaption>Casa Hermann M\u00fcller em foto de 1996<\/figcaption><\/figure>\n\n\n\n<h2 class=\"wp-block-heading\">Informa\u00e7\u00f5es Adicionais<\/h2>\n\n\n\n<p>Hermann Muller, que d\u00e1 o nome \u00e0 casa, foi um importante empres\u00e1rio do primeiro quinqu\u00eanio do s\u00e9culo passado. Filho de Franz M\u00fcller, empres\u00e1rio alem\u00e3o radicado no Brasil, desde 1879. Seu pai, primeiramente, estabeleceu-se na cidade de Porto Alegre, onde conheceu Albertine Goetze, com quem se casou em 1883 e onde tiveram seus primeiros tr\u00eas filhos: Hermann, Erich e Hans.<\/p>\n\n\n\n<p><br>Em 1889, mudou-se para S\u00e3o Paulo onde foi um dos primeiros a construir resid\u00eancia no nascente bairro de Higien\u00f3polis, mais especificamente \u00e0 Rua Maranh\u00e3o, 341, onde nasceram mais tr\u00eas de seus filhos. Essa casa, posteriormente, foi tombada pelo Patrim\u00f4nio Hist\u00f3rico do Estado.<\/p>\n\n\n\n<p><br>Em 1901, comprou em leil\u00e3o a F\u00e1brica de Tecidos Carioba (uma empresa que se encontrava fechada desde os tempos do Imp\u00e9rio), em associa\u00e7\u00e3o com o ingl\u00eas Ingels Rawlinson. A empresa passou a ter como raz\u00e3o social Rawlinson M\u00fcller &amp; Cia. A inten\u00e7\u00e3o inicial do Comendador M\u00fcller era recolocar a f\u00e1brica em funcionamento para, em seguida, vend\u00ea-la. Mas Franz M\u00fcller ficou t\u00e3o fascinado com a beleza natural do local, pr\u00f3ximo \u00e0<br>conflu\u00eancia dos rios Atibaia e Jaguari, que formam o rio Piracicaba, que l\u00e1 se instalou com toda sua fam\u00edlia em 1902, at\u00e9 sua morte, em 1920. \u00c9 lembrado por sua grande contribui\u00e7\u00e3o para o desenvolvimento da cidade de Americana.<\/p>\n\n\n\n<p><br>Foram tempos \u00e1rduos at\u00e9 a recupera\u00e7\u00e3o total da f\u00e1brica. Al\u00e9m disso, o Comendador M\u00fcller aumentou a Vila Oper\u00e1ria. A Vila Oper\u00e1ria de Carioba tinha escola, cinema, hotel, bares, a\u00e7ougue, padaria, farm\u00e1cia, biblioteca, igreja, clube de regatas, campo de futebol, pista com hangar para avi\u00f5es bem iluminada, etc. A fam\u00edlia M\u00fcller acreditava que era necess\u00e1rio unir o capital ao trabalho. Carioba teve as primeiras ruas asfaltadas do Brasil!<br>Hermann, o filho mais velho do Comendador Franz M\u00fcller, assumiu a ger\u00eancia da f\u00e1brica, no come\u00e7o dos anos 1930, levando-a a grande prosperidade. Hermann teve, ainda, grande participa\u00e7\u00e3o na vida pol\u00edtica de Americana, defendendo a bandeira do desenvolvimento da cidade.<\/p>\n\n\n\n<p><br>Ap\u00f3s a pr\u00f3spera d\u00e9cada de 1930, quando Carioba atingiu o auge de seu desenvolvimento, veio a eclos\u00e3o da Segunda Guerra Mundial e o Brasil entra em estado beligerante contra as na\u00e7\u00f5es do eixo. O governo getulista, ent\u00e3o, imp\u00f5e restri\u00e7\u00f5es a imigrantes e descendentes de italianos, japoneses e alem\u00e3es. Com a concorr\u00eancia cada vez maior e a dificuldade em conseguir empr\u00e9stimos para continuar seu neg\u00f3cio, Hermann se v\u00ea<br>obrigado a vender a f\u00e1brica, fazendo-o ao grupo JJ Abdalla. <\/p>\n\n\n\n<h2 class=\"wp-block-heading\">Objetivo<\/h2>\n\n\n\n<p>Ser\u00e1 necess\u00e1rio para restaurar a Casa Hermann Muller a elaborar todos os projetos de restauro a elabora\u00e7\u00e3o de Memorial Historiogr\u00e1fico, Memorial Descritivo de Restauro, Projeto Arquitet\u00f4nico, Projeto Arquitet\u00f4nico de Restauro, Projeto Arquitet\u00f4nico do Entorno\/Paisagismo, Projetos Complementares, Projeto El\u00e9trico, Projeto se SPDA, Projeto Hidro Sanit\u00e1rio, Projeto de Preven\u00e7\u00e3o Contra Inc\u00eandio, Projeto de Alarme e Sistema de Monitoramento, Projeto de Acessibilidade, Projeto Legal, Planilha de Servi\u00e7os, Quantitativo e Pre\u00e7os, abaixo segue o descritivo de cada um dos projetos necess\u00e1rios.<\/p>\n\n\n\n<p><br><strong>1) Memorial Historiogr\u00e1fico:<\/strong> Este memorial dever\u00e1 conter informa\u00e7\u00f5es sobre a origem hist\u00f3rica da casa, fazendo uma an\u00e1lise inicial do local escolhido para sua edifica\u00e7\u00e3o, hist\u00f3rico dos seus propriet\u00e1rios e origem, ser\u00e1 abordado tamb\u00e9m o estilo arquitet\u00f4nico, t\u00e9cnica construtiva da \u00e9poca, seu projetista e construtor, materiais construtivos utilizados, al\u00e9m de fazer uma descri\u00e7\u00e3o sobre o seu entorno como paisagismo (jardim) e constru\u00e7\u00f5es anexas, se houver.<br><strong>2) Memorial Descritivo de Restauro:<\/strong> Este memorial ir\u00e1 fazer um levantamento detalhado da situa\u00e7\u00e3o atual do im\u00f3vel, levanto em considera\u00e7\u00e3o os dados levantados no memorial historiogr\u00e1fico, suas interven\u00e7\u00f5es, abordar\u00e1 das t\u00e9cnicas utilizadas, ir\u00e1 fazer uma descri\u00e7\u00e3o das patologias existentes, ser\u00e1 feita prospec\u00e7\u00f5es nos revestimentos e pintura das paredes para propor a sua restaura\u00e7\u00e3o, inclusive o atual uso do im\u00f3vel. Este memorial tamb\u00e9m far\u00e1 uma abordagem\/prospec\u00e7\u00e3o sobre os elementos e revestimentos decorativos empregados na constru\u00e7\u00e3o, para sua restaura\u00e7\u00e3o.<br><strong>3) Projeto Arquitet\u00f4nico:<\/strong> &#8211; Levantamento M\u00e9trico Cadastral: Este projeto ser\u00e1 elaborado atrav\u00e9s de um levantamento detalhado da situa\u00e7\u00e3o atual do im\u00f3vel, levanto em consta seu uso e estado atual de conserva\u00e7\u00e3o e se poss\u00edvel constatar\/registrar as interven\u00e7\u00f5es\/altera\u00e7\u00f5es que foram feitas ao longo do tempo, inclusive com o levantamento e registro gr\u00e1fico de todas os detalhes construtivos, telhado, escadas, portas, janelas, forros, pisos, pintura e outros elementos existentes do im\u00f3vel.<br><strong>4) Projeto Arquitet\u00f4nico de Restauro:<\/strong> Este projeto ser\u00e1 elaborado conforme orienta\u00e7\u00f5es do memorial descritivo de restauro, que ir\u00e1 propor quais as interven\u00e7\u00f5es que ser\u00e3o feitas e qual a t\u00e9cnica que dever\u00e1 ser utilizada, para manter as caracter\u00edsticas originais do im\u00f3vel, e tamb\u00e9m a sua destina\u00e7\u00e3o de ocupa\u00e7\u00e3o.<br><strong>5) Projeto Arquitet\u00f4nico do Entorno\/Paisagismo:<\/strong> Este projeto contemplar\u00e1 os limites dentro da \u00e1rea envolt\u00f3ria, e tudo que est\u00e1 dentro desta \u00e1rea, pode ser a linha de divisa do terreno e\/ou ser ampliada, conforme levantamento topogr\u00e1fico a ser executado, dever\u00e1 ser observado os limites especificados na matricula\/escritura do im\u00f3vel. <br><strong>6) Projetos Complementares:<\/strong> Os projetos complementares, dever\u00e3o ser elaborados conforme normas espec\u00edficas existente. <br>          <strong>6.1) Projeto El\u00e9trico:<\/strong> Este projeto ser\u00e1 elaborado conforme a destina\u00e7\u00e3o de uso do im\u00f3vel, e ser\u00e1 elaborador, tanto internamente como externamente do im\u00f3vel, inclusive ilumina\u00e7\u00e3o decorativa se aplic\u00e1vel.<br>          <strong>6.2) Projeto se SPDA:<\/strong> Este projeto \u00e9 referente ao Sistema de Prote\u00e7\u00e3o de Descarga Atmosf\u00e9rica.<br>          <strong>6.3) Projeto Hidro Sanit\u00e1rio:<\/strong> Este projeto \u00e9 referente as partes unidas, \u00e1gua pot\u00e1vel, \u00e1guas servidas (esgoto) e \u00e1guas pluviais.<br>          <strong>6.4) Projeto de Preven\u00e7\u00e3o Contra Inc\u00eandio:<\/strong> Este projeto ser\u00e1 elaborado dentro das normas do Corpo de Bombeiros, levando em considera\u00e7\u00e3o a ocupa\u00e7\u00e3o do im\u00f3vel, e os materiais constritivos utilizados, este projeto n\u00e3o poder\u00e1 descaracterizar os valores culturais e hist\u00f3rico do im\u00f3vel.<br>          <strong>6.5) Projeto de Alarme e Sistema de Monitoramento:<\/strong> Este projeto ser\u00e1 elaborado com a instala\u00e7\u00e3o de sensores de alarme e sistema de monitoramento com c\u00e2maras, desenvolvido conforme a ocupa\u00e7\u00e3o do im\u00f3vel.<br>          <strong>6.6) Projeto de Acessibilidade:<\/strong> Este projeto ser\u00e1 elaborado conforme a norma ABNT \u2013 9050, que ir\u00e1 permitir que todas as pessoas possam se locomover dentro e forma do im\u00f3vel de maneira segura e com orienta\u00e7\u00e3o, inclusive com a instala\u00e7\u00e3o de elevador e\/ou plataforma de transporte vertical e rampas com inclina\u00e7\u00e3o adequada.<br><strong>7) Projeto Legal:<\/strong> Caso seja necess\u00e1rio dever\u00e1 ser elaborado um projeto simplificado para aprova\u00e7\u00e3o junto a secretaria de obras de Americana. <br>Observa\u00e7\u00e3o: Os projetos dever\u00e3o ser elaborados e aprovados de Conselho Municipal de Defesa de Americana e tamb\u00e9m pelo CONDEPHAAT, da Secretaria de Cultura do Estado de SP.<br><strong>8) Planilha de Servi\u00e7os, Quantitativo e Pre\u00e7os:<\/strong> Esta planilha ser\u00e1 elaborada conforme os servi\u00e7os de  constru\u00e7\u00e3o civil e restauro previstos nos documentos acima mencionados, e dever\u00e1 ser colocado o c\u00f3digo e o valor de cada servi\u00e7os conforme as planilhas de custos oficiais do estado de S\u00e3o Paulo e a n\u00edvel federal.<\/p>\n\n\n\n<h2 class=\"wp-block-heading\">Justificativa<\/h2>\n\n\n\n<p>Este projeto tem como intuito divulgar uma cultura de \u00e9poca, aproximando a popula\u00e7\u00e3o a um modelo arquitet\u00f4nico e um modo de vida de um per\u00edodo distante, restaurando a Casa Hermann Muller, deixando-a em melhores condi\u00e7\u00f5es para receber estudantes e turistas. A resid\u00eancia tem grande notabilidade regional, pois Carioba foi muito importante na indu\u00e7\u00e3o do desenvolvimento econ\u00f4mico e social da regi\u00e3o.<\/p>\n\n\n\n<p><\/p>\n","protected":false},"excerpt":{"rendered":"<p>Resumo devido \u00e0 a\u00e7\u00e3o do tempo. O projeto visa a elabora\u00e7\u00e3o de projetos de restauro do hist\u00f3rico im\u00f3vel, fazendo com que a cidade continue usufruindo desse marco hist\u00f3rico de imenso valor para a cidade, onde por muitos anos residiu a fam\u00edlia Muller, que foi respons\u00e1vel pelo surgimento de um dos maiores parques t\u00eaxteis da Am\u00e9rica &hellip; <\/p>\n<p class=\"link-more\"><a href=\"https:\/\/casahermannmuller.com.br\/index.php\/o-projeto\/\" class=\"more-link\">Leia mais<span class=\"screen-reader-text\"> &#8220;O Projeto&#8221;<\/span><\/a><\/p>\n","protected":false},"author":1,"featured_media":0,"parent":0,"menu_order":0,"comment_status":"closed","ping_status":"closed","template":"","meta":{"footnotes":""},"class_list":["post-79","page","type-page","status-publish","hentry"],"_links":{"self":[{"href":"https:\/\/casahermannmuller.com.br\/index.php\/wp-json\/wp\/v2\/pages\/79","targetHints":{"allow":["GET"]}}],"collection":[{"href":"https:\/\/casahermannmuller.com.br\/index.php\/wp-json\/wp\/v2\/pages"}],"about":[{"href":"https:\/\/casahermannmuller.com.br\/index.php\/wp-json\/wp\/v2\/types\/page"}],"author":[{"embeddable":true,"href":"https:\/\/casahermannmuller.com.br\/index.php\/wp-json\/wp\/v2\/users\/1"}],"replies":[{"embeddable":true,"href":"https:\/\/casahermannmuller.com.br\/index.php\/wp-json\/wp\/v2\/comments?post=79"}],"version-history":[{"count":13,"href":"https:\/\/casahermannmuller.com.br\/index.php\/wp-json\/wp\/v2\/pages\/79\/revisions"}],"predecessor-version":[{"id":118,"href":"https:\/\/casahermannmuller.com.br\/index.php\/wp-json\/wp\/v2\/pages\/79\/revisions\/118"}],"wp:attachment":[{"href":"https:\/\/casahermannmuller.com.br\/index.php\/wp-json\/wp\/v2\/media?parent=79"}],"curies":[{"name":"wp","href":"https:\/\/api.w.org\/{rel}","templated":true}]}}